{"id":1026,"date":"2025-02-09T20:40:07","date_gmt":"2025-02-09T20:40:07","guid":{"rendered":"https:\/\/bclegalpanama.com\/abogados\/?page_id=1026"},"modified":"2025-02-09T21:41:02","modified_gmt":"2025-02-09T21:41:02","slug":"raciel-garcia-castro","status":"publish","type":"page","link":"https:\/\/bclegalpanama.com\/abogados\/raciel-garcia-castro\/","title":{"rendered":"RACIEL GARCIA CASTRO"},"content":{"rendered":"\t\t<div data-elementor-type=\"wp-page\" data-elementor-id=\"1026\" class=\"elementor elementor-1026\" data-elementor-post-type=\"page\">\n\t\t\t\t\t\t<section class=\"elementor-section elementor-top-section elementor-element elementor-element-3407072c elementor-section-boxed elementor-section-height-default elementor-section-height-default\" data-id=\"3407072c\" data-element_type=\"section\" data-settings=\"{&quot;background_background&quot;:&quot;classic&quot;}\">\n\t\t\t\t\t\t\t<div class=\"elementor-background-overlay\"><\/div>\n\t\t\t\t\t\t\t<div class=\"elementor-container elementor-column-gap-default\">\n\t\t\t\t\t<div class=\"elementor-column elementor-col-50 elementor-top-column elementor-element elementor-element-64558425 elementor-invisible\" data-id=\"64558425\" data-element_type=\"column\" data-settings=\"{&quot;animation&quot;:&quot;fadeInLeft&quot;,&quot;background_background&quot;:&quot;classic&quot;}\">\n\t\t\t<div class=\"elementor-widget-wrap elementor-element-populated\">\n\t\t\t\t\t\t<div class=\"elementor-element elementor-element-12b7a29e elementor-widget elementor-widget-spacer\" data-id=\"12b7a29e\" data-element_type=\"widget\" data-widget_type=\"spacer.default\">\n\t\t\t\t<div class=\"elementor-widget-container\">\n\t\t\t\t\t\t\t<div class=\"elementor-spacer\">\n\t\t\t<div class=\"elementor-spacer-inner\"><\/div>\n\t\t<\/div>\n\t\t\t\t\t\t<\/div>\n\t\t\t\t<\/div>\n\t\t\t\t\t<\/div>\n\t\t<\/div>\n\t\t\t\t<div class=\"elementor-column elementor-col-50 elementor-top-column elementor-element elementor-element-32b07ba5 elementor-invisible\" data-id=\"32b07ba5\" data-element_type=\"column\" data-settings=\"{&quot;animation&quot;:&quot;fadeInLeft&quot;}\">\n\t\t\t<div class=\"elementor-widget-wrap elementor-element-populated\">\n\t\t\t\t\t\t<div class=\"elementor-element elementor-element-bf525a5 elementor-widget elementor-widget-heading\" data-id=\"bf525a5\" data-element_type=\"widget\" data-widget_type=\"heading.default\">\n\t\t\t\t<div class=\"elementor-widget-container\">\n\t\t\t\t\t<h2 class=\"elementor-heading-title elementor-size-default\">RACIEL GARCIA CASTRO<\/h2>\t\t\t\t<\/div>\n\t\t\t\t<\/div>\n\t\t\t\t<div class=\"elementor-element elementor-element-b0af7a6 elementor-widget elementor-widget-heading\" data-id=\"b0af7a6\" data-element_type=\"widget\" data-widget_type=\"heading.default\">\n\t\t\t\t<div class=\"elementor-widget-container\">\n\t\t\t\t\t<h4 class=\"elementor-heading-title elementor-size-default\">Asistente Legal<\/h4>\t\t\t\t<\/div>\n\t\t\t\t<\/div>\n\t\t\t\t<div class=\"elementor-element elementor-element-1c965b58 elementor-widget-divider--view-line elementor-invisible elementor-widget elementor-widget-divider\" data-id=\"1c965b58\" data-element_type=\"widget\" data-settings=\"{&quot;_animation&quot;:&quot;fadeInUp&quot;}\" data-widget_type=\"divider.default\">\n\t\t\t\t<div class=\"elementor-widget-container\">\n\t\t\t\t\t\t\t<div class=\"elementor-divider\">\n\t\t\t<span class=\"elementor-divider-separator\">\n\t\t\t\t\t\t<\/span>\n\t\t<\/div>\n\t\t\t\t\t\t<\/div>\n\t\t\t\t<\/div>\n\t\t\t\t<div class=\"elementor-element elementor-element-33430346 envato-kit-93-drop-cap elementor-invisible elementor-widget elementor-widget-text-editor\" data-id=\"33430346\" data-element_type=\"widget\" data-settings=\"{&quot;_animation&quot;:&quot;fadeInUp&quot;}\" data-widget_type=\"text-editor.default\">\n\t\t\t\t<div class=\"elementor-widget-container\">\n\t\t\t\t\t\t\t\t\t<p>Con 7 a\u00f1os formando parte del equipo de <strong>BC Legal, Raciel Garc\u00eda Castro<\/strong> se ha convertido en un pilar fundamental para el \u00e9xito de la firma. Graduando de la Licenciatura en Recursos Humanos en la Universidad de Panam\u00e1, combina su formaci\u00f3n acad\u00e9mica con una s\u00f3lida experiencia como asistente legal, destac\u00e1ndose por su dedicaci\u00f3n, eficiencia y compromiso con la excelencia.<\/p><p><strong>Raciel<\/strong> es reconocido por su atenci\u00f3n al detalle y su capacidad para gestionar procesos legales con rapidez y precisi\u00f3n, brindando soporte clave a nuestra fundadora y a todo el equipo. Su energ\u00eda, profesionalismo y pasi\u00f3n por el aprendizaje continuo lo convierten en una pieza clave en nuestra misi\u00f3n de ofrecer un servicio jur\u00eddico de alto nivel.<\/p>\t\t\t\t\t\t\t\t<\/div>\n\t\t\t\t<\/div>\n\t\t\t\t\t<\/div>\n\t\t<\/div>\n\t\t\t\t\t<\/div>\n\t\t<\/section>\n\t\t\t\t<\/div>\n\t\t","protected":false},"excerpt":{"rendered":"<p>RACIEL GARCIA CASTRO Asistente Legal Con 7 a\u00f1os formando parte del equipo de BC Legal, Raciel Garc\u00eda Castro se ha convertido en un pilar fundamental para el \u00e9xito de la firma. Graduando de la Licenciatura en Recursos Humanos en la Universidad de Panam\u00e1, combina su formaci\u00f3n acad\u00e9mica con una s\u00f3lida experiencia como asistente legal, destac\u00e1ndose [&hellip;]<\/p>\n","protected":false},"author":2,"featured_media":0,"parent":0,"menu_order":0,"comment_status":"closed","ping_status":"closed","template":"","meta":{"footnotes":""},"class_list":["post-1026","page","type-page","status-publish","hentry"],"yoast_head":"<!-- This site is optimized with the Yoast SEO plugin v26.1.1 - https:\/\/yoast.com\/wordpress\/plugins\/seo\/ -->\n<title>RACIEL GARCIA CASTRO - BC Legal Panam\u00e1: Derecho Corporativo, Derecho Inmobiliario, Derecho Penal en Panam\u00e1<\/title>\n<meta name=\"robots\" content=\"index, follow, max-snippet:-1, max-image-preview:large, max-video-preview:-1\" \/>\n<link rel=\"canonical\" href=\"https:\/\/bclegalpanama.com\/abogados\/raciel-garcia-castro\/\" \/>\n<meta property=\"og:locale\" content=\"es_ES\" \/>\n<meta property=\"og:type\" content=\"article\" \/>\n<meta property=\"og:title\" content=\"RACIEL GARCIA CASTRO - BC Legal Panam\u00e1: Derecho Corporativo, Derecho Inmobiliario, Derecho Penal en Panam\u00e1\" \/>\n<meta property=\"og:description\" content=\"RACIEL GARCIA CASTRO Asistente Legal Con 7 a\u00f1os formando parte del equipo de BC Legal, Raciel Garc\u00eda Castro se ha convertido en un pilar fundamental para el \u00e9xito de la firma. Graduando de la Licenciatura en Recursos Humanos en la Universidad de Panam\u00e1, combina su formaci\u00f3n acad\u00e9mica con una s\u00f3lida experiencia como asistente legal, destac\u00e1ndose [&hellip;]\" \/>\n<meta property=\"og:url\" content=\"https:\/\/bclegalpanama.com\/abogados\/raciel-garcia-castro\/\" \/>\n<meta property=\"og:site_name\" content=\"BC Legal Panam\u00e1: Derecho Corporativo, Derecho Inmobiliario, Derecho Penal en Panam\u00e1\" \/>\n<meta property=\"article:modified_time\" content=\"2025-02-09T21:41:02+00:00\" \/>\n<meta name=\"twitter:card\" content=\"summary_large_image\" \/>\n<meta name=\"twitter:label1\" content=\"Tiempo de lectura\" \/>\n\t<meta name=\"twitter:data1\" content=\"1 minuto\" \/>\n<script type=\"application\/ld+json\" class=\"yoast-schema-graph\">{\"@context\":\"https:\/\/schema.org\",\"@graph\":[{\"@type\":\"WebPage\",\"@id\":\"https:\/\/bclegalpanama.com\/abogados\/raciel-garcia-castro\/\",\"url\":\"https:\/\/bclegalpanama.com\/abogados\/raciel-garcia-castro\/\",\"name\":\"RACIEL GARCIA CASTRO - BC Legal Panam\u00e1: Derecho Corporativo, Derecho Inmobiliario, Derecho Penal en Panam\u00e1\",\"isPartOf\":{\"@id\":\"https:\/\/bclegalpanama.com\/abogados\/#website\"},\"datePublished\":\"2025-02-09T20:40:07+00:00\",\"dateModified\":\"2025-02-09T21:41:02+00:00\",\"breadcrumb\":{\"@id\":\"https:\/\/bclegalpanama.com\/abogados\/raciel-garcia-castro\/#breadcrumb\"},\"inLanguage\":\"es\",\"potentialAction\":[{\"@type\":\"ReadAction\",\"target\":[\"https:\/\/bclegalpanama.com\/abogados\/raciel-garcia-castro\/\"]}]},{\"@type\":\"BreadcrumbList\",\"@id\":\"https:\/\/bclegalpanama.com\/abogados\/raciel-garcia-castro\/#breadcrumb\",\"itemListElement\":[{\"@type\":\"ListItem\",\"position\":1,\"name\":\"Portada\",\"item\":\"https:\/\/bclegalpanama.com\/abogados\/\"},{\"@type\":\"ListItem\",\"position\":2,\"name\":\"RACIEL GARCIA CASTRO\"}]},{\"@type\":\"WebSite\",\"@id\":\"https:\/\/bclegalpanama.com\/abogados\/#website\",\"url\":\"https:\/\/bclegalpanama.com\/abogados\/\",\"name\":\"BC Legal Panam\u00e1: Derecho Corporativo, Derecho Inmobiliario, Derecho Penal en Panam\u00e1\",\"description\":\"Firma de abogados en Panam\u00e1: Brindamos asesor\u00eda y representaci\u00f3n en diversas \u00e1reas del derecho, adapt\u00e1ndonos a las necesidades de cada cliente.\",\"publisher\":{\"@id\":\"https:\/\/bclegalpanama.com\/abogados\/#organization\"},\"potentialAction\":[{\"@type\":\"SearchAction\",\"target\":{\"@type\":\"EntryPoint\",\"urlTemplate\":\"https:\/\/bclegalpanama.com\/abogados\/?s={search_term_string}\"},\"query-input\":{\"@type\":\"PropertyValueSpecification\",\"valueRequired\":true,\"valueName\":\"search_term_string\"}}],\"inLanguage\":\"es\"},{\"@type\":\"Organization\",\"@id\":\"https:\/\/bclegalpanama.com\/abogados\/#organization\",\"name\":\"BC Legal Panam\u00e1: Derecho Corporativo, Derecho Inmobiliario, Derecho Penal en Panam\u00e1\",\"url\":\"https:\/\/bclegalpanama.com\/abogados\/\",\"logo\":{\"@type\":\"ImageObject\",\"inLanguage\":\"es\",\"@id\":\"https:\/\/bclegalpanama.com\/abogados\/#\/schema\/logo\/image\/\",\"url\":\"https:\/\/bclegalpanama.com\/abogados\/wp-content\/uploads\/2025\/01\/cropped-logo-bc-legal-panama-1.jpg\",\"contentUrl\":\"https:\/\/bclegalpanama.com\/abogados\/wp-content\/uploads\/2025\/01\/cropped-logo-bc-legal-panama-1.jpg\",\"width\":209,\"height\":106,\"caption\":\"BC Legal Panam\u00e1: Derecho Corporativo, Derecho Inmobiliario, Derecho Penal en Panam\u00e1\"},\"image\":{\"@id\":\"https:\/\/bclegalpanama.com\/abogados\/#\/schema\/logo\/image\/\"}}]}<\/script>\n<!-- \/ Yoast SEO plugin. -->","yoast_head_json":{"title":"RACIEL GARCIA CASTRO - BC Legal Panam\u00e1: Derecho Corporativo, Derecho Inmobiliario, Derecho Penal en Panam\u00e1","robots":{"index":"index","follow":"follow","max-snippet":"max-snippet:-1","max-image-preview":"max-image-preview:large","max-video-preview":"max-video-preview:-1"},"canonical":"https:\/\/bclegalpanama.com\/abogados\/raciel-garcia-castro\/","og_locale":"es_ES","og_type":"article","og_title":"RACIEL GARCIA CASTRO - BC Legal Panam\u00e1: Derecho Corporativo, Derecho Inmobiliario, Derecho Penal en Panam\u00e1","og_description":"RACIEL GARCIA CASTRO Asistente Legal Con 7 a\u00f1os formando parte del equipo de BC Legal, Raciel Garc\u00eda Castro se ha convertido en un pilar fundamental para el \u00e9xito de la firma. Graduando de la Licenciatura en Recursos Humanos en la Universidad de Panam\u00e1, combina su formaci\u00f3n acad\u00e9mica con una s\u00f3lida experiencia como asistente legal, destac\u00e1ndose [&hellip;]","og_url":"https:\/\/bclegalpanama.com\/abogados\/raciel-garcia-castro\/","og_site_name":"BC Legal Panam\u00e1: Derecho Corporativo, Derecho Inmobiliario, Derecho Penal en Panam\u00e1","article_modified_time":"2025-02-09T21:41:02+00:00","twitter_card":"summary_large_image","twitter_misc":{"Tiempo de lectura":"1 minuto"},"schema":{"@context":"https:\/\/schema.org","@graph":[{"@type":"WebPage","@id":"https:\/\/bclegalpanama.com\/abogados\/raciel-garcia-castro\/","url":"https:\/\/bclegalpanama.com\/abogados\/raciel-garcia-castro\/","name":"RACIEL GARCIA CASTRO - BC Legal Panam\u00e1: Derecho Corporativo, Derecho Inmobiliario, Derecho Penal en Panam\u00e1","isPartOf":{"@id":"https:\/\/bclegalpanama.com\/abogados\/#website"},"datePublished":"2025-02-09T20:40:07+00:00","dateModified":"2025-02-09T21:41:02+00:00","breadcrumb":{"@id":"https:\/\/bclegalpanama.com\/abogados\/raciel-garcia-castro\/#breadcrumb"},"inLanguage":"es","potentialAction":[{"@type":"ReadAction","target":["https:\/\/bclegalpanama.com\/abogados\/raciel-garcia-castro\/"]}]},{"@type":"BreadcrumbList","@id":"https:\/\/bclegalpanama.com\/abogados\/raciel-garcia-castro\/#breadcrumb","itemListElement":[{"@type":"ListItem","position":1,"name":"Portada","item":"https:\/\/bclegalpanama.com\/abogados\/"},{"@type":"ListItem","position":2,"name":"RACIEL GARCIA CASTRO"}]},{"@type":"WebSite","@id":"https:\/\/bclegalpanama.com\/abogados\/#website","url":"https:\/\/bclegalpanama.com\/abogados\/","name":"BC Legal Panam\u00e1: Derecho Corporativo, Derecho Inmobiliario, Derecho Penal en Panam\u00e1","description":"Firma de abogados en Panam\u00e1: Brindamos asesor\u00eda y representaci\u00f3n en diversas \u00e1reas del derecho, adapt\u00e1ndonos a las necesidades de cada cliente.","publisher":{"@id":"https:\/\/bclegalpanama.com\/abogados\/#organization"},"potentialAction":[{"@type":"SearchAction","target":{"@type":"EntryPoint","urlTemplate":"https:\/\/bclegalpanama.com\/abogados\/?s={search_term_string}"},"query-input":{"@type":"PropertyValueSpecification","valueRequired":true,"valueName":"search_term_string"}}],"inLanguage":"es"},{"@type":"Organization","@id":"https:\/\/bclegalpanama.com\/abogados\/#organization","name":"BC Legal Panam\u00e1: Derecho Corporativo, Derecho Inmobiliario, Derecho Penal en Panam\u00e1","url":"https:\/\/bclegalpanama.com\/abogados\/","logo":{"@type":"ImageObject","inLanguage":"es","@id":"https:\/\/bclegalpanama.com\/abogados\/#\/schema\/logo\/image\/","url":"https:\/\/bclegalpanama.com\/abogados\/wp-content\/uploads\/2025\/01\/cropped-logo-bc-legal-panama-1.jpg","contentUrl":"https:\/\/bclegalpanama.com\/abogados\/wp-content\/uploads\/2025\/01\/cropped-logo-bc-legal-panama-1.jpg","width":209,"height":106,"caption":"BC Legal Panam\u00e1: Derecho Corporativo, Derecho Inmobiliario, Derecho Penal en Panam\u00e1"},"image":{"@id":"https:\/\/bclegalpanama.com\/abogados\/#\/schema\/logo\/image\/"}}]}},"_links":{"self":[{"href":"https:\/\/bclegalpanama.com\/abogados\/wp-json\/wp\/v2\/pages\/1026","targetHints":{"allow":["GET"]}}],"collection":[{"href":"https:\/\/bclegalpanama.com\/abogados\/wp-json\/wp\/v2\/pages"}],"about":[{"href":"https:\/\/bclegalpanama.com\/abogados\/wp-json\/wp\/v2\/types\/page"}],"author":[{"embeddable":true,"href":"https:\/\/bclegalpanama.com\/abogados\/wp-json\/wp\/v2\/users\/2"}],"replies":[{"embeddable":true,"href":"https:\/\/bclegalpanama.com\/abogados\/wp-json\/wp\/v2\/comments?post=1026"}],"version-history":[{"count":19,"href":"https:\/\/bclegalpanama.com\/abogados\/wp-json\/wp\/v2\/pages\/1026\/revisions"}],"predecessor-version":[{"id":1052,"href":"https:\/\/bclegalpanama.com\/abogados\/wp-json\/wp\/v2\/pages\/1026\/revisions\/1052"}],"wp:attachment":[{"href":"https:\/\/bclegalpanama.com\/abogados\/wp-json\/wp\/v2\/media?parent=1026"}],"curies":[{"name":"wp","href":"https:\/\/api.w.org\/{rel}","templated":true}]}}