{"id":1417,"date":"2025-02-21T23:38:27","date_gmt":"2025-02-21T23:38:27","guid":{"rendered":"https:\/\/bclegalpanama.com\/abogados\/?page_id=1417"},"modified":"2025-02-27T23:57:15","modified_gmt":"2025-02-27T23:57:15","slug":"labor-law","status":"publish","type":"page","link":"https:\/\/bclegalpanama.com\/abogados\/en\/labor-law\/","title":{"rendered":"LABOR LAW"},"content":{"rendered":"\t\t<div data-elementor-type=\"wp-page\" data-elementor-id=\"1417\" class=\"elementor elementor-1417\" data-elementor-post-type=\"page\">\n\t\t\t\t\t\t<section class=\"elementor-section elementor-top-section elementor-element elementor-element-5ac72e25 elementor-section-stretched elementor-section-full_width elementor-section-height-min-height elementor-section-items-stretch elementor-section-height-default\" data-id=\"5ac72e25\" data-element_type=\"section\" data-settings=\"{&quot;stretch_section&quot;:&quot;section-stretched&quot;,&quot;background_background&quot;:&quot;classic&quot;}\">\n\t\t\t\t\t\t\t<div class=\"elementor-background-overlay\"><\/div>\n\t\t\t\t\t\t\t<div class=\"elementor-container elementor-column-gap-default\">\n\t\t\t\t\t<div class=\"elementor-column elementor-col-100 elementor-top-column elementor-element elementor-element-334645b3\" data-id=\"334645b3\" data-element_type=\"column\" data-settings=\"{&quot;background_background&quot;:&quot;classic&quot;}\">\n\t\t\t<div class=\"elementor-widget-wrap elementor-element-populated\">\n\t\t\t\t\t\t<div class=\"elementor-element elementor-element-12446af5 elementor-widget elementor-widget-spacer\" data-id=\"12446af5\" data-element_type=\"widget\" data-widget_type=\"spacer.default\">\n\t\t\t\t<div class=\"elementor-widget-container\">\n\t\t\t\t\t\t\t<div class=\"elementor-spacer\">\n\t\t\t<div class=\"elementor-spacer-inner\"><\/div>\n\t\t<\/div>\n\t\t\t\t\t\t<\/div>\n\t\t\t\t<\/div>\n\t\t\t\t\t<\/div>\n\t\t<\/div>\n\t\t\t\t\t<\/div>\n\t\t<\/section>\n\t\t\t\t<section class=\"elementor-section elementor-top-section elementor-element elementor-element-7120e975 elementor-section-boxed elementor-section-height-default elementor-section-height-default\" data-id=\"7120e975\" data-element_type=\"section\" data-settings=\"{&quot;background_background&quot;:&quot;classic&quot;}\">\n\t\t\t\t\t\t<div class=\"elementor-container elementor-column-gap-default\">\n\t\t\t\t\t<div class=\"elementor-column elementor-col-50 elementor-top-column elementor-element elementor-element-40a2d513\" data-id=\"40a2d513\" data-element_type=\"column\">\n\t\t\t<div class=\"elementor-widget-wrap elementor-element-populated\">\n\t\t\t\t\t\t<div class=\"elementor-element elementor-element-238f844a elementor-invisible elementor-widget elementor-widget-heading\" data-id=\"238f844a\" data-element_type=\"widget\" data-settings=\"{&quot;_animation&quot;:&quot;fadeInLeft&quot;,&quot;_animation_delay&quot;:300}\" data-widget_type=\"heading.default\">\n\t\t\t\t<div class=\"elementor-widget-container\">\n\t\t\t\t\t<h1 class=\"elementor-heading-title elementor-size-default\">LABOR LAW<\/h1>\t\t\t\t<\/div>\n\t\t\t\t<\/div>\n\t\t\t\t<div class=\"elementor-element elementor-element-5cace0af elementor-invisible elementor-widget elementor-widget-heading\" data-id=\"5cace0af\" data-element_type=\"widget\" data-settings=\"{&quot;_animation&quot;:&quot;fadeInLeft&quot;,&quot;_animation_delay&quot;:200}\" data-widget_type=\"heading.default\">\n\t\t\t\t<div class=\"elementor-widget-container\">\n\t\t\t\t\t<p class=\"elementor-heading-title elementor-size-default\">BC LEGAL<\/p>\t\t\t\t<\/div>\n\t\t\t\t<\/div>\n\t\t\t\t\t<\/div>\n\t\t<\/div>\n\t\t\t\t<div class=\"elementor-column elementor-col-50 elementor-top-column elementor-element elementor-element-52c930a7\" data-id=\"52c930a7\" data-element_type=\"column\">\n\t\t\t<div class=\"elementor-widget-wrap\">\n\t\t\t\t\t\t\t<\/div>\n\t\t<\/div>\n\t\t\t\t\t<\/div>\n\t\t<\/section>\n\t\t\t\t<section class=\"elementor-section elementor-top-section elementor-element elementor-element-1f57c910 elementor-section-boxed elementor-section-height-default elementor-section-height-default\" data-id=\"1f57c910\" data-element_type=\"section\" data-settings=\"{&quot;background_background&quot;:&quot;classic&quot;}\">\n\t\t\t\t\t\t\t<div class=\"elementor-background-overlay\"><\/div>\n\t\t\t\t\t\t\t<div class=\"elementor-container elementor-column-gap-default\">\n\t\t\t\t\t<div class=\"elementor-column elementor-col-100 elementor-top-column elementor-element elementor-element-5899740\" data-id=\"5899740\" data-element_type=\"column\">\n\t\t\t<div class=\"elementor-widget-wrap elementor-element-populated\">\n\t\t\t\t\t\t<div class=\"elementor-element elementor-element-5e6fd1c7 envato-kit-93-drop-cap elementor-invisible elementor-widget elementor-widget-text-editor\" data-id=\"5e6fd1c7\" data-element_type=\"widget\" data-settings=\"{&quot;_animation&quot;:&quot;fadeInUp&quot;}\" data-widget_type=\"text-editor.default\">\n\t\t\t\t<div class=\"elementor-widget-container\">\n\t\t\t\t\t\t\t\t\t<p>We protect the rights of companies and collaborators alike. We help you resolve labor disputes, draft contracts and ensure compliance with current labor regulations. At BC Legal, we work for solid and fair labor relations.<\/p><p>Whether you need advice on employment contracts, collective negotiations or conflict resolution, our team will provide you with the necessary guidance to ensure fair and equitable labor relations. At BC Legal, we are committed to an approach that promotes mutual respect and compliance with labor laws, minimizing risks and strengthening the work environment.<\/p>\t\t\t\t\t\t\t\t<\/div>\n\t\t\t\t<\/div>\n\t\t\t\t\t<\/div>\n\t\t<\/div>\n\t\t\t\t\t<\/div>\n\t\t<\/section>\n\t\t\t\t<section class=\"elementor-section elementor-top-section elementor-element elementor-element-4bf562b8 elementor-section-boxed elementor-section-height-default elementor-section-height-default\" data-id=\"4bf562b8\" data-element_type=\"section\" data-settings=\"{&quot;background_background&quot;:&quot;classic&quot;}\">\n\t\t\t\t\t\t<div class=\"elementor-container elementor-column-gap-default\">\n\t\t\t\t\t<div class=\"elementor-column elementor-col-100 elementor-top-column elementor-element elementor-element-3aaafe7d\" data-id=\"3aaafe7d\" data-element_type=\"column\">\n\t\t\t<div class=\"elementor-widget-wrap elementor-element-populated\">\n\t\t\t\t\t\t<div class=\"elementor-element elementor-element-36b78cb8 elementor-widget-divider--view-line elementor-invisible elementor-widget elementor-widget-divider\" data-id=\"36b78cb8\" data-element_type=\"widget\" data-settings=\"{&quot;_animation&quot;:&quot;fadeInUp&quot;}\" data-widget_type=\"divider.default\">\n\t\t\t\t<div class=\"elementor-widget-container\">\n\t\t\t\t\t\t\t<div class=\"elementor-divider\">\n\t\t\t<span class=\"elementor-divider-separator\">\n\t\t\t\t\t\t<\/span>\n\t\t<\/div>\n\t\t\t\t\t\t<\/div>\n\t\t\t\t<\/div>\n\t\t\t\t<div class=\"elementor-element elementor-element-397e3889 elementor-align-center elementor-widget elementor-widget-button\" data-id=\"397e3889\" data-element_type=\"widget\" data-widget_type=\"button.default\">\n\t\t\t\t<div class=\"elementor-widget-container\">\n\t\t\t\t\t\t\t\t\t<div class=\"elementor-button-wrapper\">\n\t\t\t\t\t<a class=\"elementor-button elementor-button-link elementor-size-sm\" href=\"https:\/\/bclegalpanama.com\/abogados\/en\/contact-us\/\">\n\t\t\t\t\t\t<span class=\"elementor-button-content-wrapper\">\n\t\t\t\t\t\t\t\t\t<span class=\"elementor-button-text\">CONTACT US<\/span>\n\t\t\t\t\t<\/span>\n\t\t\t\t\t<\/a>\n\t\t\t\t<\/div>\n\t\t\t\t\t\t\t\t<\/div>\n\t\t\t\t<\/div>\n\t\t\t\t\t<\/div>\n\t\t<\/div>\n\t\t\t\t\t<\/div>\n\t\t<\/section>\n\t\t\t\t<\/div>\n\t\t","protected":false},"excerpt":{"rendered":"<p>LABOR LAW BC LEGAL We protect the rights of companies and collaborators alike. We help you resolve labor disputes, draft contracts and ensure compliance with current labor regulations. At BC Legal, we work for solid and fair labor relations. Whether you need advice on employment contracts, collective negotiations or conflict resolution, our team will provide [&hellip;]<\/p>\n","protected":false},"author":2,"featured_media":0,"parent":0,"menu_order":0,"comment_status":"closed","ping_status":"closed","template":"","meta":{"footnotes":""},"class_list":["post-1417","page","type-page","status-publish","hentry"],"yoast_head":"<!-- This site is optimized with the Yoast SEO plugin v26.1.1 - https:\/\/yoast.com\/wordpress\/plugins\/seo\/ -->\n<title>LABOR LAW - BC Legal Panam\u00e1: Derecho Corporativo, Derecho Inmobiliario, Derecho Penal en Panam\u00e1<\/title>\n<meta name=\"robots\" content=\"index, follow, max-snippet:-1, max-image-preview:large, max-video-preview:-1\" \/>\n<link rel=\"canonical\" href=\"https:\/\/bclegalpanama.com\/abogados\/en\/labor-law\/\" \/>\n<meta property=\"og:locale\" content=\"es_ES\" \/>\n<meta property=\"og:type\" content=\"article\" \/>\n<meta property=\"og:title\" content=\"LABOR LAW - BC Legal Panam\u00e1: Derecho Corporativo, Derecho Inmobiliario, Derecho Penal en Panam\u00e1\" \/>\n<meta property=\"og:description\" content=\"LABOR LAW BC LEGAL We protect the rights of companies and collaborators alike. We help you resolve labor disputes, draft contracts and ensure compliance with current labor regulations. At BC Legal, we work for solid and fair labor relations. Whether you need advice on employment contracts, collective negotiations or conflict resolution, our team will provide [&hellip;]\" \/>\n<meta property=\"og:url\" content=\"https:\/\/bclegalpanama.com\/abogados\/en\/labor-law\/\" \/>\n<meta property=\"og:site_name\" content=\"BC Legal Panam\u00e1: Derecho Corporativo, Derecho Inmobiliario, Derecho Penal en Panam\u00e1\" \/>\n<meta property=\"article:modified_time\" content=\"2025-02-27T23:57:15+00:00\" \/>\n<meta name=\"twitter:card\" content=\"summary_large_image\" \/>\n<script type=\"application\/ld+json\" class=\"yoast-schema-graph\">{\"@context\":\"https:\/\/schema.org\",\"@graph\":[{\"@type\":\"WebPage\",\"@id\":\"https:\/\/bclegalpanama.com\/abogados\/en\/labor-law\/\",\"url\":\"https:\/\/bclegalpanama.com\/abogados\/en\/labor-law\/\",\"name\":\"LABOR LAW - BC Legal Panam\u00e1: Derecho Corporativo, Derecho Inmobiliario, Derecho Penal en Panam\u00e1\",\"isPartOf\":{\"@id\":\"https:\/\/bclegalpanama.com\/abogados\/#website\"},\"datePublished\":\"2025-02-21T23:38:27+00:00\",\"dateModified\":\"2025-02-27T23:57:15+00:00\",\"breadcrumb\":{\"@id\":\"https:\/\/bclegalpanama.com\/abogados\/en\/labor-law\/#breadcrumb\"},\"inLanguage\":\"es\",\"potentialAction\":[{\"@type\":\"ReadAction\",\"target\":[\"https:\/\/bclegalpanama.com\/abogados\/en\/labor-law\/\"]}]},{\"@type\":\"BreadcrumbList\",\"@id\":\"https:\/\/bclegalpanama.com\/abogados\/en\/labor-law\/#breadcrumb\",\"itemListElement\":[{\"@type\":\"ListItem\",\"position\":1,\"name\":\"Portada\",\"item\":\"https:\/\/bclegalpanama.com\/abogados\/\"},{\"@type\":\"ListItem\",\"position\":2,\"name\":\"LABOR LAW\"}]},{\"@type\":\"WebSite\",\"@id\":\"https:\/\/bclegalpanama.com\/abogados\/#website\",\"url\":\"https:\/\/bclegalpanama.com\/abogados\/\",\"name\":\"BC Legal Panam\u00e1: Derecho Corporativo, Derecho Inmobiliario, Derecho Penal en Panam\u00e1\",\"description\":\"Firma de abogados en Panam\u00e1: Brindamos asesor\u00eda y representaci\u00f3n en diversas \u00e1reas del derecho, adapt\u00e1ndonos a las necesidades de cada cliente.\",\"publisher\":{\"@id\":\"https:\/\/bclegalpanama.com\/abogados\/#organization\"},\"potentialAction\":[{\"@type\":\"SearchAction\",\"target\":{\"@type\":\"EntryPoint\",\"urlTemplate\":\"https:\/\/bclegalpanama.com\/abogados\/?s={search_term_string}\"},\"query-input\":{\"@type\":\"PropertyValueSpecification\",\"valueRequired\":true,\"valueName\":\"search_term_string\"}}],\"inLanguage\":\"es\"},{\"@type\":\"Organization\",\"@id\":\"https:\/\/bclegalpanama.com\/abogados\/#organization\",\"name\":\"BC Legal Panam\u00e1: Derecho Corporativo, Derecho Inmobiliario, Derecho Penal en Panam\u00e1\",\"url\":\"https:\/\/bclegalpanama.com\/abogados\/\",\"logo\":{\"@type\":\"ImageObject\",\"inLanguage\":\"es\",\"@id\":\"https:\/\/bclegalpanama.com\/abogados\/#\/schema\/logo\/image\/\",\"url\":\"https:\/\/bclegalpanama.com\/abogados\/wp-content\/uploads\/2025\/01\/cropped-logo-bc-legal-panama-1.jpg\",\"contentUrl\":\"https:\/\/bclegalpanama.com\/abogados\/wp-content\/uploads\/2025\/01\/cropped-logo-bc-legal-panama-1.jpg\",\"width\":209,\"height\":106,\"caption\":\"BC Legal Panam\u00e1: Derecho Corporativo, Derecho Inmobiliario, Derecho Penal en Panam\u00e1\"},\"image\":{\"@id\":\"https:\/\/bclegalpanama.com\/abogados\/#\/schema\/logo\/image\/\"}}]}<\/script>\n<!-- \/ Yoast SEO plugin. -->","yoast_head_json":{"title":"LABOR LAW - BC Legal Panam\u00e1: Derecho Corporativo, Derecho Inmobiliario, Derecho Penal en Panam\u00e1","robots":{"index":"index","follow":"follow","max-snippet":"max-snippet:-1","max-image-preview":"max-image-preview:large","max-video-preview":"max-video-preview:-1"},"canonical":"https:\/\/bclegalpanama.com\/abogados\/en\/labor-law\/","og_locale":"es_ES","og_type":"article","og_title":"LABOR LAW - BC Legal Panam\u00e1: Derecho Corporativo, Derecho Inmobiliario, Derecho Penal en Panam\u00e1","og_description":"LABOR LAW BC LEGAL We protect the rights of companies and collaborators alike. We help you resolve labor disputes, draft contracts and ensure compliance with current labor regulations. At BC Legal, we work for solid and fair labor relations. Whether you need advice on employment contracts, collective negotiations or conflict resolution, our team will provide [&hellip;]","og_url":"https:\/\/bclegalpanama.com\/abogados\/en\/labor-law\/","og_site_name":"BC Legal Panam\u00e1: Derecho Corporativo, Derecho Inmobiliario, Derecho Penal en Panam\u00e1","article_modified_time":"2025-02-27T23:57:15+00:00","twitter_card":"summary_large_image","schema":{"@context":"https:\/\/schema.org","@graph":[{"@type":"WebPage","@id":"https:\/\/bclegalpanama.com\/abogados\/en\/labor-law\/","url":"https:\/\/bclegalpanama.com\/abogados\/en\/labor-law\/","name":"LABOR LAW - BC Legal Panam\u00e1: Derecho Corporativo, Derecho Inmobiliario, Derecho Penal en Panam\u00e1","isPartOf":{"@id":"https:\/\/bclegalpanama.com\/abogados\/#website"},"datePublished":"2025-02-21T23:38:27+00:00","dateModified":"2025-02-27T23:57:15+00:00","breadcrumb":{"@id":"https:\/\/bclegalpanama.com\/abogados\/en\/labor-law\/#breadcrumb"},"inLanguage":"es","potentialAction":[{"@type":"ReadAction","target":["https:\/\/bclegalpanama.com\/abogados\/en\/labor-law\/"]}]},{"@type":"BreadcrumbList","@id":"https:\/\/bclegalpanama.com\/abogados\/en\/labor-law\/#breadcrumb","itemListElement":[{"@type":"ListItem","position":1,"name":"Portada","item":"https:\/\/bclegalpanama.com\/abogados\/"},{"@type":"ListItem","position":2,"name":"LABOR LAW"}]},{"@type":"WebSite","@id":"https:\/\/bclegalpanama.com\/abogados\/#website","url":"https:\/\/bclegalpanama.com\/abogados\/","name":"BC Legal Panam\u00e1: Derecho Corporativo, Derecho Inmobiliario, Derecho Penal en Panam\u00e1","description":"Firma de abogados en Panam\u00e1: Brindamos asesor\u00eda y representaci\u00f3n en diversas \u00e1reas del derecho, adapt\u00e1ndonos a las necesidades de cada cliente.","publisher":{"@id":"https:\/\/bclegalpanama.com\/abogados\/#organization"},"potentialAction":[{"@type":"SearchAction","target":{"@type":"EntryPoint","urlTemplate":"https:\/\/bclegalpanama.com\/abogados\/?s={search_term_string}"},"query-input":{"@type":"PropertyValueSpecification","valueRequired":true,"valueName":"search_term_string"}}],"inLanguage":"es"},{"@type":"Organization","@id":"https:\/\/bclegalpanama.com\/abogados\/#organization","name":"BC Legal Panam\u00e1: Derecho Corporativo, Derecho Inmobiliario, Derecho Penal en Panam\u00e1","url":"https:\/\/bclegalpanama.com\/abogados\/","logo":{"@type":"ImageObject","inLanguage":"es","@id":"https:\/\/bclegalpanama.com\/abogados\/#\/schema\/logo\/image\/","url":"https:\/\/bclegalpanama.com\/abogados\/wp-content\/uploads\/2025\/01\/cropped-logo-bc-legal-panama-1.jpg","contentUrl":"https:\/\/bclegalpanama.com\/abogados\/wp-content\/uploads\/2025\/01\/cropped-logo-bc-legal-panama-1.jpg","width":209,"height":106,"caption":"BC Legal Panam\u00e1: Derecho Corporativo, Derecho Inmobiliario, Derecho Penal en Panam\u00e1"},"image":{"@id":"https:\/\/bclegalpanama.com\/abogados\/#\/schema\/logo\/image\/"}}]}},"_links":{"self":[{"href":"https:\/\/bclegalpanama.com\/abogados\/wp-json\/wp\/v2\/pages\/1417","targetHints":{"allow":["GET"]}}],"collection":[{"href":"https:\/\/bclegalpanama.com\/abogados\/wp-json\/wp\/v2\/pages"}],"about":[{"href":"https:\/\/bclegalpanama.com\/abogados\/wp-json\/wp\/v2\/types\/page"}],"author":[{"embeddable":true,"href":"https:\/\/bclegalpanama.com\/abogados\/wp-json\/wp\/v2\/users\/2"}],"replies":[{"embeddable":true,"href":"https:\/\/bclegalpanama.com\/abogados\/wp-json\/wp\/v2\/comments?post=1417"}],"version-history":[{"count":10,"href":"https:\/\/bclegalpanama.com\/abogados\/wp-json\/wp\/v2\/pages\/1417\/revisions"}],"predecessor-version":[{"id":1692,"href":"https:\/\/bclegalpanama.com\/abogados\/wp-json\/wp\/v2\/pages\/1417\/revisions\/1692"}],"wp:attachment":[{"href":"https:\/\/bclegalpanama.com\/abogados\/wp-json\/wp\/v2\/media?parent=1417"}],"curies":[{"name":"wp","href":"https:\/\/api.w.org\/{rel}","templated":true}]}}