{"id":150,"date":"2025-01-25T00:07:21","date_gmt":"2025-01-25T00:07:21","guid":{"rendered":"https:\/\/bclegalpanama.com\/abogados\/?page_id=150"},"modified":"2025-11-08T20:01:10","modified_gmt":"2025-11-08T20:01:10","slug":"derecho-inmobiliario","status":"publish","type":"page","link":"https:\/\/bclegalpanama.com\/abogados\/derecho-inmobiliario\/","title":{"rendered":"DERECHO INMOBILIARIO"},"content":{"rendered":"\t\t<div data-elementor-type=\"wp-page\" data-elementor-id=\"150\" class=\"elementor elementor-150\" data-elementor-post-type=\"page\">\n\t\t\t\t\t\t<section class=\"elementor-section elementor-top-section elementor-element elementor-element-73584840 elementor-section-stretched elementor-section-full_width elementor-section-height-min-height elementor-section-items-stretch elementor-section-height-default\" data-id=\"73584840\" data-element_type=\"section\" data-settings=\"{&quot;stretch_section&quot;:&quot;section-stretched&quot;,&quot;background_background&quot;:&quot;classic&quot;}\">\n\t\t\t\t\t\t\t<div class=\"elementor-background-overlay\"><\/div>\n\t\t\t\t\t\t\t<div class=\"elementor-container elementor-column-gap-default\">\n\t\t\t\t\t<div class=\"elementor-column elementor-col-100 elementor-top-column elementor-element elementor-element-384ffd6c\" data-id=\"384ffd6c\" data-element_type=\"column\" data-settings=\"{&quot;background_background&quot;:&quot;classic&quot;}\">\n\t\t\t<div class=\"elementor-widget-wrap elementor-element-populated\">\n\t\t\t\t\t\t<div class=\"elementor-element elementor-element-3407043 elementor-widget elementor-widget-spacer\" data-id=\"3407043\" data-element_type=\"widget\" data-widget_type=\"spacer.default\">\n\t\t\t\t<div class=\"elementor-widget-container\">\n\t\t\t\t\t\t\t<div class=\"elementor-spacer\">\n\t\t\t<div class=\"elementor-spacer-inner\"><\/div>\n\t\t<\/div>\n\t\t\t\t\t\t<\/div>\n\t\t\t\t<\/div>\n\t\t\t\t\t<\/div>\n\t\t<\/div>\n\t\t\t\t\t<\/div>\n\t\t<\/section>\n\t\t\t\t<section class=\"elementor-section elementor-top-section elementor-element elementor-element-3f90b576 elementor-section-boxed elementor-section-height-default elementor-section-height-default\" data-id=\"3f90b576\" data-element_type=\"section\" data-settings=\"{&quot;background_background&quot;:&quot;classic&quot;}\">\n\t\t\t\t\t\t<div class=\"elementor-container elementor-column-gap-default\">\n\t\t\t\t\t<div class=\"elementor-column elementor-col-50 elementor-top-column elementor-element elementor-element-140bd7e8\" data-id=\"140bd7e8\" data-element_type=\"column\">\n\t\t\t<div class=\"elementor-widget-wrap elementor-element-populated\">\n\t\t\t\t\t\t<div class=\"elementor-element elementor-element-32338358 elementor-invisible elementor-widget elementor-widget-heading\" data-id=\"32338358\" data-element_type=\"widget\" data-settings=\"{&quot;_animation&quot;:&quot;fadeInLeft&quot;,&quot;_animation_delay&quot;:300}\" data-widget_type=\"heading.default\">\n\t\t\t\t<div class=\"elementor-widget-container\">\n\t\t\t\t\t<h1 class=\"elementor-heading-title elementor-size-default\">DERECHO INMOBILIARIO<\/h1>\t\t\t\t<\/div>\n\t\t\t\t<\/div>\n\t\t\t\t<div class=\"elementor-element elementor-element-b34e703 elementor-invisible elementor-widget elementor-widget-heading\" data-id=\"b34e703\" data-element_type=\"widget\" data-settings=\"{&quot;_animation&quot;:&quot;fadeInLeft&quot;,&quot;_animation_delay&quot;:200}\" data-widget_type=\"heading.default\">\n\t\t\t\t<div class=\"elementor-widget-container\">\n\t\t\t\t\t<p class=\"elementor-heading-title elementor-size-default\">BC LEGAL<\/p>\t\t\t\t<\/div>\n\t\t\t\t<\/div>\n\t\t\t\t\t<\/div>\n\t\t<\/div>\n\t\t\t\t<div class=\"elementor-column elementor-col-50 elementor-top-column elementor-element elementor-element-62fc300\" data-id=\"62fc300\" data-element_type=\"column\">\n\t\t\t<div class=\"elementor-widget-wrap\">\n\t\t\t\t\t\t\t<\/div>\n\t\t<\/div>\n\t\t\t\t\t<\/div>\n\t\t<\/section>\n\t\t\t\t<section class=\"elementor-section elementor-top-section elementor-element elementor-element-29314cd elementor-section-boxed elementor-section-height-default elementor-section-height-default\" data-id=\"29314cd\" data-element_type=\"section\" data-settings=\"{&quot;background_background&quot;:&quot;classic&quot;}\">\n\t\t\t\t\t\t\t<div class=\"elementor-background-overlay\"><\/div>\n\t\t\t\t\t\t\t<div class=\"elementor-container elementor-column-gap-default\">\n\t\t\t\t\t<div class=\"elementor-column elementor-col-100 elementor-top-column elementor-element elementor-element-5bf214d\" data-id=\"5bf214d\" data-element_type=\"column\">\n\t\t\t<div class=\"elementor-widget-wrap elementor-element-populated\">\n\t\t\t\t\t\t<div class=\"elementor-element elementor-element-2be0f1f envato-kit-93-drop-cap elementor-invisible elementor-widget elementor-widget-text-editor\" data-id=\"2be0f1f\" data-element_type=\"widget\" data-settings=\"{&quot;_animation&quot;:&quot;fadeInUp&quot;}\" data-widget_type=\"text-editor.default\">\n\t\t\t\t<div class=\"elementor-widget-container\">\n\t\t\t\t\t\t\t\t\t<p>Hacemos que tus inversiones inmobiliarias sean seguras y exitosas. Desde la compra y venta de propiedades hasta su registro y actualizaci\u00f3n, brindamos respaldo en cada paso del proceso.<\/p><p>En BC Legal, entendemos que el sector inmobiliario es un campo clave para el desarrollo econ\u00f3mico, y estamos aqu\u00ed para ofrecerte el respaldo legal necesario para que tus proyectos sean exitosos. Con a\u00f1os de experiencia en la gesti\u00f3n de tr\u00e1mites y documentaci\u00f3n inmobiliaria, nos posicionamos como tu aliado estrat\u00e9gico para todas las operaciones relacionadas con bienes ra\u00edces en Panam\u00e1.<\/p>\t\t\t\t\t\t\t\t<\/div>\n\t\t\t\t<\/div>\n\t\t\t\t<div class=\"elementor-element elementor-element-f768c5b elementor-invisible elementor-widget elementor-widget-text-editor\" data-id=\"f768c5b\" data-element_type=\"widget\" data-settings=\"{&quot;_animation&quot;:&quot;fadeInUp&quot;}\" data-widget_type=\"text-editor.default\">\n\t\t\t\t<div class=\"elementor-widget-container\">\n\t\t\t\t\t\t\t\t\t<p><strong>Gesti\u00f3n Integral de Proyectos Inmobiliarios.<\/strong> Contamos con un equipo altamente capacitado para gestionar la aprobaci\u00f3n de planos, la redacci\u00f3n y registro de escrituras de segregaci\u00f3n, transferencia de propiedad y m\u00e1s. Nos encargamos de que todo el proceso se cumpla conforme a la ley, con eficiencia y sin complicaciones.<\/p>\t\t\t\t\t\t\t\t<\/div>\n\t\t\t\t<\/div>\n\t\t\t\t<div class=\"elementor-element elementor-element-3f3ca51 elementor-invisible elementor-widget elementor-widget-text-editor\" data-id=\"3f3ca51\" data-element_type=\"widget\" data-settings=\"{&quot;_animation&quot;:&quot;fadeInUp&quot;}\" data-widget_type=\"text-editor.default\">\n\t\t\t\t<div class=\"elementor-widget-container\">\n\t\t\t\t\t\t\t\t\t<p><strong>Oportunidades y Crecimiento en el Sector Inmobiliario.<\/strong> Panam\u00e1 sigue siendo un destino atractivo para la inversi\u00f3n inmobiliaria, y en <b>BC Legal<\/b> estamos listos para ayudarte a aprovechar estas oportunidades. Ya sea que necesites asesor\u00eda en la compra, venta, desarrollo o financiamiento de propiedades, nuestra experiencia te proporcionar\u00e1 la confianza necesaria para tomar decisiones inteligentes.<\/p>\t\t\t\t\t\t\t\t<\/div>\n\t\t\t\t<\/div>\n\t\t\t\t\t<\/div>\n\t\t<\/div>\n\t\t\t\t\t<\/div>\n\t\t<\/section>\n\t\t\t\t<section class=\"elementor-section elementor-top-section elementor-element elementor-element-256533c6 elementor-section-boxed elementor-section-height-default elementor-section-height-default\" data-id=\"256533c6\" data-element_type=\"section\" data-settings=\"{&quot;background_background&quot;:&quot;classic&quot;}\">\n\t\t\t\t\t\t<div class=\"elementor-container elementor-column-gap-default\">\n\t\t\t\t\t<div class=\"elementor-column elementor-col-100 elementor-top-column elementor-element elementor-element-be61d0e\" data-id=\"be61d0e\" data-element_type=\"column\">\n\t\t\t<div class=\"elementor-widget-wrap elementor-element-populated\">\n\t\t\t\t\t\t<div class=\"elementor-element elementor-element-210a5cb elementor-widget-divider--view-line elementor-invisible elementor-widget elementor-widget-divider\" data-id=\"210a5cb\" data-element_type=\"widget\" data-settings=\"{&quot;_animation&quot;:&quot;fadeInUp&quot;}\" data-widget_type=\"divider.default\">\n\t\t\t\t<div class=\"elementor-widget-container\">\n\t\t\t\t\t\t\t<div class=\"elementor-divider\">\n\t\t\t<span class=\"elementor-divider-separator\">\n\t\t\t\t\t\t<\/span>\n\t\t<\/div>\n\t\t\t\t\t\t<\/div>\n\t\t\t\t<\/div>\n\t\t\t\t<div class=\"elementor-element elementor-element-39cc9b5 elementor-align-center elementor-widget elementor-widget-button\" data-id=\"39cc9b5\" data-element_type=\"widget\" data-widget_type=\"button.default\">\n\t\t\t\t<div class=\"elementor-widget-container\">\n\t\t\t\t\t\t\t\t\t<div class=\"elementor-button-wrapper\">\n\t\t\t\t\t<a class=\"elementor-button elementor-button-link elementor-size-sm\" href=\"http:\/\/bclegalpanama.com\/abogados\/contacto\/\">\n\t\t\t\t\t\t<span class=\"elementor-button-content-wrapper\">\n\t\t\t\t\t\t\t\t\t<span class=\"elementor-button-text\">CONT\u00c1CTENOS<\/span>\n\t\t\t\t\t<\/span>\n\t\t\t\t\t<\/a>\n\t\t\t\t<\/div>\n\t\t\t\t\t\t\t\t<\/div>\n\t\t\t\t<\/div>\n\t\t\t\t\t<\/div>\n\t\t<\/div>\n\t\t\t\t\t<\/div>\n\t\t<\/section>\n\t\t\t\t<\/div>\n\t\t","protected":false},"excerpt":{"rendered":"<p>DERECHO INMOBILIARIO BC LEGAL Hacemos que tus inversiones inmobiliarias sean seguras y exitosas. Desde la compra y venta de propiedades hasta su registro y actualizaci\u00f3n, brindamos respaldo en cada paso del proceso. En BC Legal, entendemos que el sector inmobiliario es un campo clave para el desarrollo econ\u00f3mico, y estamos aqu\u00ed para ofrecerte el respaldo [&hellip;]<\/p>\n","protected":false},"author":2,"featured_media":0,"parent":0,"menu_order":0,"comment_status":"closed","ping_status":"closed","template":"","meta":{"footnotes":""},"class_list":["post-150","page","type-page","status-publish","hentry"],"yoast_head":"<!-- This site is optimized with the Yoast SEO plugin v26.1.1 - https:\/\/yoast.com\/wordpress\/plugins\/seo\/ -->\n<title>DERECHO INMOBILIARIO - BC Legal Panam\u00e1: Derecho Corporativo, Derecho Inmobiliario, Derecho Penal en Panam\u00e1<\/title>\n<meta name=\"description\" content=\"Derecho Inmobiliario: Hacemos que tus inversiones inmobiliarias sean seguras y exitosas. Desde la compra y venta de propiedades hasta su registro y actualizaci\u00f3n, brindamos respaldo en cada paso del proceso.\" \/>\n<meta name=\"robots\" content=\"index, follow, max-snippet:-1, max-image-preview:large, max-video-preview:-1\" \/>\n<link rel=\"canonical\" href=\"https:\/\/bclegalpanama.com\/abogados\/derecho-inmobiliario\/\" \/>\n<meta property=\"og:locale\" content=\"es_ES\" \/>\n<meta property=\"og:type\" content=\"article\" \/>\n<meta property=\"og:title\" content=\"DERECHO INMOBILIARIO - BC Legal Panam\u00e1: Derecho Corporativo, Derecho Inmobiliario, Derecho Penal en Panam\u00e1\" \/>\n<meta property=\"og:description\" content=\"Derecho Inmobiliario: Hacemos que tus inversiones inmobiliarias sean seguras y exitosas. Desde la compra y venta de propiedades hasta su registro y actualizaci\u00f3n, brindamos respaldo en cada paso del proceso.\" \/>\n<meta property=\"og:url\" content=\"https:\/\/bclegalpanama.com\/abogados\/derecho-inmobiliario\/\" \/>\n<meta property=\"og:site_name\" content=\"BC Legal Panam\u00e1: Derecho Corporativo, Derecho Inmobiliario, Derecho Penal en Panam\u00e1\" \/>\n<meta property=\"article:modified_time\" content=\"2025-11-08T20:01:10+00:00\" \/>\n<meta name=\"twitter:card\" content=\"summary_large_image\" \/>\n<meta name=\"twitter:label1\" content=\"Tiempo de lectura\" \/>\n\t<meta name=\"twitter:data1\" content=\"1 minuto\" \/>\n<script type=\"application\/ld+json\" class=\"yoast-schema-graph\">{\"@context\":\"https:\/\/schema.org\",\"@graph\":[{\"@type\":\"WebPage\",\"@id\":\"https:\/\/bclegalpanama.com\/abogados\/derecho-inmobiliario\/\",\"url\":\"https:\/\/bclegalpanama.com\/abogados\/derecho-inmobiliario\/\",\"name\":\"DERECHO INMOBILIARIO - BC Legal Panam\u00e1: Derecho Corporativo, Derecho Inmobiliario, Derecho Penal en Panam\u00e1\",\"isPartOf\":{\"@id\":\"https:\/\/bclegalpanama.com\/abogados\/#website\"},\"datePublished\":\"2025-01-25T00:07:21+00:00\",\"dateModified\":\"2025-11-08T20:01:10+00:00\",\"description\":\"Derecho Inmobiliario: Hacemos que tus inversiones inmobiliarias sean seguras y exitosas. Desde la compra y venta de propiedades hasta su registro y actualizaci\u00f3n, brindamos respaldo en cada paso del proceso.\",\"breadcrumb\":{\"@id\":\"https:\/\/bclegalpanama.com\/abogados\/derecho-inmobiliario\/#breadcrumb\"},\"inLanguage\":\"es\",\"potentialAction\":[{\"@type\":\"ReadAction\",\"target\":[\"https:\/\/bclegalpanama.com\/abogados\/derecho-inmobiliario\/\"]}]},{\"@type\":\"BreadcrumbList\",\"@id\":\"https:\/\/bclegalpanama.com\/abogados\/derecho-inmobiliario\/#breadcrumb\",\"itemListElement\":[{\"@type\":\"ListItem\",\"position\":1,\"name\":\"Portada\",\"item\":\"https:\/\/bclegalpanama.com\/abogados\/\"},{\"@type\":\"ListItem\",\"position\":2,\"name\":\"DERECHO INMOBILIARIO\"}]},{\"@type\":\"WebSite\",\"@id\":\"https:\/\/bclegalpanama.com\/abogados\/#website\",\"url\":\"https:\/\/bclegalpanama.com\/abogados\/\",\"name\":\"BC Legal Panam\u00e1: Derecho Corporativo, Derecho Inmobiliario, Derecho Penal en Panam\u00e1\",\"description\":\"Firma de abogados en Panam\u00e1: Brindamos asesor\u00eda y representaci\u00f3n en diversas \u00e1reas del derecho, adapt\u00e1ndonos a las necesidades de cada cliente.\",\"publisher\":{\"@id\":\"https:\/\/bclegalpanama.com\/abogados\/#organization\"},\"potentialAction\":[{\"@type\":\"SearchAction\",\"target\":{\"@type\":\"EntryPoint\",\"urlTemplate\":\"https:\/\/bclegalpanama.com\/abogados\/?s={search_term_string}\"},\"query-input\":{\"@type\":\"PropertyValueSpecification\",\"valueRequired\":true,\"valueName\":\"search_term_string\"}}],\"inLanguage\":\"es\"},{\"@type\":\"Organization\",\"@id\":\"https:\/\/bclegalpanama.com\/abogados\/#organization\",\"name\":\"BC Legal Panam\u00e1: Derecho Corporativo, Derecho Inmobiliario, Derecho Penal en Panam\u00e1\",\"url\":\"https:\/\/bclegalpanama.com\/abogados\/\",\"logo\":{\"@type\":\"ImageObject\",\"inLanguage\":\"es\",\"@id\":\"https:\/\/bclegalpanama.com\/abogados\/#\/schema\/logo\/image\/\",\"url\":\"https:\/\/bclegalpanama.com\/abogados\/wp-content\/uploads\/2025\/01\/cropped-logo-bc-legal-panama-1.jpg\",\"contentUrl\":\"https:\/\/bclegalpanama.com\/abogados\/wp-content\/uploads\/2025\/01\/cropped-logo-bc-legal-panama-1.jpg\",\"width\":209,\"height\":106,\"caption\":\"BC Legal Panam\u00e1: Derecho Corporativo, Derecho Inmobiliario, Derecho Penal en Panam\u00e1\"},\"image\":{\"@id\":\"https:\/\/bclegalpanama.com\/abogados\/#\/schema\/logo\/image\/\"}}]}<\/script>\n<!-- \/ Yoast SEO plugin. -->","yoast_head_json":{"title":"DERECHO INMOBILIARIO - BC Legal Panam\u00e1: Derecho Corporativo, Derecho Inmobiliario, Derecho Penal en Panam\u00e1","description":"Derecho Inmobiliario: Hacemos que tus inversiones inmobiliarias sean seguras y exitosas. Desde la compra y venta de propiedades hasta su registro y actualizaci\u00f3n, brindamos respaldo en cada paso del proceso.","robots":{"index":"index","follow":"follow","max-snippet":"max-snippet:-1","max-image-preview":"max-image-preview:large","max-video-preview":"max-video-preview:-1"},"canonical":"https:\/\/bclegalpanama.com\/abogados\/derecho-inmobiliario\/","og_locale":"es_ES","og_type":"article","og_title":"DERECHO INMOBILIARIO - BC Legal Panam\u00e1: Derecho Corporativo, Derecho Inmobiliario, Derecho Penal en Panam\u00e1","og_description":"Derecho Inmobiliario: Hacemos que tus inversiones inmobiliarias sean seguras y exitosas. Desde la compra y venta de propiedades hasta su registro y actualizaci\u00f3n, brindamos respaldo en cada paso del proceso.","og_url":"https:\/\/bclegalpanama.com\/abogados\/derecho-inmobiliario\/","og_site_name":"BC Legal Panam\u00e1: Derecho Corporativo, Derecho Inmobiliario, Derecho Penal en Panam\u00e1","article_modified_time":"2025-11-08T20:01:10+00:00","twitter_card":"summary_large_image","twitter_misc":{"Tiempo de lectura":"1 minuto"},"schema":{"@context":"https:\/\/schema.org","@graph":[{"@type":"WebPage","@id":"https:\/\/bclegalpanama.com\/abogados\/derecho-inmobiliario\/","url":"https:\/\/bclegalpanama.com\/abogados\/derecho-inmobiliario\/","name":"DERECHO INMOBILIARIO - BC Legal Panam\u00e1: Derecho Corporativo, Derecho Inmobiliario, Derecho Penal en Panam\u00e1","isPartOf":{"@id":"https:\/\/bclegalpanama.com\/abogados\/#website"},"datePublished":"2025-01-25T00:07:21+00:00","dateModified":"2025-11-08T20:01:10+00:00","description":"Derecho Inmobiliario: Hacemos que tus inversiones inmobiliarias sean seguras y exitosas. Desde la compra y venta de propiedades hasta su registro y actualizaci\u00f3n, brindamos respaldo en cada paso del proceso.","breadcrumb":{"@id":"https:\/\/bclegalpanama.com\/abogados\/derecho-inmobiliario\/#breadcrumb"},"inLanguage":"es","potentialAction":[{"@type":"ReadAction","target":["https:\/\/bclegalpanama.com\/abogados\/derecho-inmobiliario\/"]}]},{"@type":"BreadcrumbList","@id":"https:\/\/bclegalpanama.com\/abogados\/derecho-inmobiliario\/#breadcrumb","itemListElement":[{"@type":"ListItem","position":1,"name":"Portada","item":"https:\/\/bclegalpanama.com\/abogados\/"},{"@type":"ListItem","position":2,"name":"DERECHO INMOBILIARIO"}]},{"@type":"WebSite","@id":"https:\/\/bclegalpanama.com\/abogados\/#website","url":"https:\/\/bclegalpanama.com\/abogados\/","name":"BC Legal Panam\u00e1: Derecho Corporativo, Derecho Inmobiliario, Derecho Penal en Panam\u00e1","description":"Firma de abogados en Panam\u00e1: Brindamos asesor\u00eda y representaci\u00f3n en diversas \u00e1reas del derecho, adapt\u00e1ndonos a las necesidades de cada cliente.","publisher":{"@id":"https:\/\/bclegalpanama.com\/abogados\/#organization"},"potentialAction":[{"@type":"SearchAction","target":{"@type":"EntryPoint","urlTemplate":"https:\/\/bclegalpanama.com\/abogados\/?s={search_term_string}"},"query-input":{"@type":"PropertyValueSpecification","valueRequired":true,"valueName":"search_term_string"}}],"inLanguage":"es"},{"@type":"Organization","@id":"https:\/\/bclegalpanama.com\/abogados\/#organization","name":"BC Legal Panam\u00e1: Derecho Corporativo, Derecho Inmobiliario, Derecho Penal en Panam\u00e1","url":"https:\/\/bclegalpanama.com\/abogados\/","logo":{"@type":"ImageObject","inLanguage":"es","@id":"https:\/\/bclegalpanama.com\/abogados\/#\/schema\/logo\/image\/","url":"https:\/\/bclegalpanama.com\/abogados\/wp-content\/uploads\/2025\/01\/cropped-logo-bc-legal-panama-1.jpg","contentUrl":"https:\/\/bclegalpanama.com\/abogados\/wp-content\/uploads\/2025\/01\/cropped-logo-bc-legal-panama-1.jpg","width":209,"height":106,"caption":"BC Legal Panam\u00e1: Derecho Corporativo, Derecho Inmobiliario, Derecho Penal en Panam\u00e1"},"image":{"@id":"https:\/\/bclegalpanama.com\/abogados\/#\/schema\/logo\/image\/"}}]}},"_links":{"self":[{"href":"https:\/\/bclegalpanama.com\/abogados\/wp-json\/wp\/v2\/pages\/150","targetHints":{"allow":["GET"]}}],"collection":[{"href":"https:\/\/bclegalpanama.com\/abogados\/wp-json\/wp\/v2\/pages"}],"about":[{"href":"https:\/\/bclegalpanama.com\/abogados\/wp-json\/wp\/v2\/types\/page"}],"author":[{"embeddable":true,"href":"https:\/\/bclegalpanama.com\/abogados\/wp-json\/wp\/v2\/users\/2"}],"replies":[{"embeddable":true,"href":"https:\/\/bclegalpanama.com\/abogados\/wp-json\/wp\/v2\/comments?post=150"}],"version-history":[{"count":43,"href":"https:\/\/bclegalpanama.com\/abogados\/wp-json\/wp\/v2\/pages\/150\/revisions"}],"predecessor-version":[{"id":833,"href":"https:\/\/bclegalpanama.com\/abogados\/wp-json\/wp\/v2\/pages\/150\/revisions\/833"}],"wp:attachment":[{"href":"https:\/\/bclegalpanama.com\/abogados\/wp-json\/wp\/v2\/media?parent=150"}],"curies":[{"name":"wp","href":"https:\/\/api.w.org\/{rel}","templated":true}]}}