{"id":158,"date":"2025-01-25T00:10:02","date_gmt":"2025-01-25T00:10:02","guid":{"rendered":"https:\/\/bclegalpanama.com\/abogados\/?page_id=158"},"modified":"2025-02-08T23:23:21","modified_gmt":"2025-02-08T23:23:21","slug":"derecho-de-familia","status":"publish","type":"page","link":"https:\/\/bclegalpanama.com\/abogados\/derecho-de-familia\/","title":{"rendered":"DERECHO DE FAMILIA"},"content":{"rendered":"\t\t<div data-elementor-type=\"wp-page\" data-elementor-id=\"158\" class=\"elementor elementor-158\" data-elementor-post-type=\"page\">\n\t\t\t\t\t\t<section class=\"elementor-section elementor-top-section elementor-element elementor-element-3ca0ca3e elementor-section-stretched elementor-section-full_width elementor-section-height-min-height elementor-section-items-stretch elementor-section-height-default\" data-id=\"3ca0ca3e\" data-element_type=\"section\" data-settings=\"{&quot;stretch_section&quot;:&quot;section-stretched&quot;,&quot;background_background&quot;:&quot;classic&quot;}\">\n\t\t\t\t\t\t\t<div class=\"elementor-background-overlay\"><\/div>\n\t\t\t\t\t\t\t<div class=\"elementor-container elementor-column-gap-default\">\n\t\t\t\t\t<div class=\"elementor-column elementor-col-100 elementor-top-column elementor-element elementor-element-1e8d2e0c\" data-id=\"1e8d2e0c\" data-element_type=\"column\" data-settings=\"{&quot;background_background&quot;:&quot;classic&quot;}\">\n\t\t\t<div class=\"elementor-widget-wrap elementor-element-populated\">\n\t\t\t\t\t\t<div class=\"elementor-element elementor-element-7ab1d102 elementor-widget elementor-widget-spacer\" data-id=\"7ab1d102\" data-element_type=\"widget\" data-widget_type=\"spacer.default\">\n\t\t\t\t<div class=\"elementor-widget-container\">\n\t\t\t\t\t\t\t<div class=\"elementor-spacer\">\n\t\t\t<div class=\"elementor-spacer-inner\"><\/div>\n\t\t<\/div>\n\t\t\t\t\t\t<\/div>\n\t\t\t\t<\/div>\n\t\t\t\t\t<\/div>\n\t\t<\/div>\n\t\t\t\t\t<\/div>\n\t\t<\/section>\n\t\t\t\t<section class=\"elementor-section elementor-top-section elementor-element elementor-element-74881e9c elementor-section-boxed elementor-section-height-default elementor-section-height-default\" data-id=\"74881e9c\" data-element_type=\"section\" data-settings=\"{&quot;background_background&quot;:&quot;classic&quot;}\">\n\t\t\t\t\t\t<div class=\"elementor-container elementor-column-gap-default\">\n\t\t\t\t\t<div class=\"elementor-column elementor-col-50 elementor-top-column elementor-element elementor-element-4656e75d\" data-id=\"4656e75d\" data-element_type=\"column\">\n\t\t\t<div class=\"elementor-widget-wrap elementor-element-populated\">\n\t\t\t\t\t\t<div class=\"elementor-element elementor-element-30ed1b3b elementor-invisible elementor-widget elementor-widget-heading\" data-id=\"30ed1b3b\" data-element_type=\"widget\" data-settings=\"{&quot;_animation&quot;:&quot;fadeInLeft&quot;,&quot;_animation_delay&quot;:300}\" data-widget_type=\"heading.default\">\n\t\t\t\t<div class=\"elementor-widget-container\">\n\t\t\t\t\t<h1 class=\"elementor-heading-title elementor-size-default\">DERECHO DE FAMILIA<\/h1>\t\t\t\t<\/div>\n\t\t\t\t<\/div>\n\t\t\t\t<div class=\"elementor-element elementor-element-6d5f93b0 elementor-invisible elementor-widget elementor-widget-heading\" data-id=\"6d5f93b0\" data-element_type=\"widget\" data-settings=\"{&quot;_animation&quot;:&quot;fadeInLeft&quot;,&quot;_animation_delay&quot;:200}\" data-widget_type=\"heading.default\">\n\t\t\t\t<div class=\"elementor-widget-container\">\n\t\t\t\t\t<p class=\"elementor-heading-title elementor-size-default\">BC LEGAL<\/p>\t\t\t\t<\/div>\n\t\t\t\t<\/div>\n\t\t\t\t\t<\/div>\n\t\t<\/div>\n\t\t\t\t<div class=\"elementor-column elementor-col-50 elementor-top-column elementor-element elementor-element-6ad3a573\" data-id=\"6ad3a573\" data-element_type=\"column\">\n\t\t\t<div class=\"elementor-widget-wrap\">\n\t\t\t\t\t\t\t<\/div>\n\t\t<\/div>\n\t\t\t\t\t<\/div>\n\t\t<\/section>\n\t\t\t\t<section class=\"elementor-section elementor-top-section elementor-element elementor-element-40a308f2 elementor-section-boxed elementor-section-height-default elementor-section-height-default\" data-id=\"40a308f2\" data-element_type=\"section\" data-settings=\"{&quot;background_background&quot;:&quot;classic&quot;}\">\n\t\t\t\t\t\t\t<div class=\"elementor-background-overlay\"><\/div>\n\t\t\t\t\t\t\t<div class=\"elementor-container elementor-column-gap-default\">\n\t\t\t\t\t<div class=\"elementor-column elementor-col-100 elementor-top-column elementor-element elementor-element-2d522012\" data-id=\"2d522012\" data-element_type=\"column\">\n\t\t\t<div class=\"elementor-widget-wrap elementor-element-populated\">\n\t\t\t\t\t\t<div class=\"elementor-element elementor-element-5372b192 envato-kit-93-drop-cap elementor-invisible elementor-widget elementor-widget-text-editor\" data-id=\"5372b192\" data-element_type=\"widget\" data-settings=\"{&quot;_animation&quot;:&quot;fadeInUp&quot;}\" data-widget_type=\"text-editor.default\">\n\t\t\t\t<div class=\"elementor-widget-container\">\n\t\t\t\t\t\t\t\t\t<p>Acompa\u00f1amos tus momentos m\u00e1s importantes con sensibilidad y experiencia. Brindamos asesor\u00eda en temas de divorcio, custodia, pensiones alimenticias y sucesiones, siempre priorizando el bienestar familiar y un enfoque humano.<\/p><p>Entendemos que cada familia es \u00fanica, por lo que ofrecemos soluciones legales personalizadas que busquen resolver conflictos de manera armoniosa, promoviendo la paz y la justicia en el entorno familiar.<\/p>\t\t\t\t\t\t\t\t<\/div>\n\t\t\t\t<\/div>\n\t\t\t\t\t<\/div>\n\t\t<\/div>\n\t\t\t\t\t<\/div>\n\t\t<\/section>\n\t\t\t\t<section class=\"elementor-section elementor-top-section elementor-element elementor-element-d9b7df0 elementor-section-boxed elementor-section-height-default elementor-section-height-default\" data-id=\"d9b7df0\" data-element_type=\"section\" data-settings=\"{&quot;background_background&quot;:&quot;classic&quot;}\">\n\t\t\t\t\t\t<div class=\"elementor-container elementor-column-gap-default\">\n\t\t\t\t\t<div class=\"elementor-column elementor-col-100 elementor-top-column elementor-element elementor-element-5078e0cb\" data-id=\"5078e0cb\" data-element_type=\"column\">\n\t\t\t<div class=\"elementor-widget-wrap elementor-element-populated\">\n\t\t\t\t\t\t<div class=\"elementor-element elementor-element-4534838b elementor-widget-divider--view-line elementor-invisible elementor-widget elementor-widget-divider\" data-id=\"4534838b\" data-element_type=\"widget\" data-settings=\"{&quot;_animation&quot;:&quot;fadeInUp&quot;}\" data-widget_type=\"divider.default\">\n\t\t\t\t<div class=\"elementor-widget-container\">\n\t\t\t\t\t\t\t<div class=\"elementor-divider\">\n\t\t\t<span class=\"elementor-divider-separator\">\n\t\t\t\t\t\t<\/span>\n\t\t<\/div>\n\t\t\t\t\t\t<\/div>\n\t\t\t\t<\/div>\n\t\t\t\t<div class=\"elementor-element elementor-element-1315d22c elementor-align-center elementor-widget elementor-widget-button\" data-id=\"1315d22c\" data-element_type=\"widget\" data-widget_type=\"button.default\">\n\t\t\t\t<div class=\"elementor-widget-container\">\n\t\t\t\t\t\t\t\t\t<div class=\"elementor-button-wrapper\">\n\t\t\t\t\t<a class=\"elementor-button elementor-button-link elementor-size-sm\" href=\"http:\/\/bclegalpanama.com\/abogados\/contacto\/\">\n\t\t\t\t\t\t<span class=\"elementor-button-content-wrapper\">\n\t\t\t\t\t\t\t\t\t<span class=\"elementor-button-text\">CONT\u00c1CTENOS<\/span>\n\t\t\t\t\t<\/span>\n\t\t\t\t\t<\/a>\n\t\t\t\t<\/div>\n\t\t\t\t\t\t\t\t<\/div>\n\t\t\t\t<\/div>\n\t\t\t\t\t<\/div>\n\t\t<\/div>\n\t\t\t\t\t<\/div>\n\t\t<\/section>\n\t\t\t\t<\/div>\n\t\t","protected":false},"excerpt":{"rendered":"<p>DERECHO DE FAMILIA BC LEGAL Acompa\u00f1amos tus momentos m\u00e1s importantes con sensibilidad y experiencia. Brindamos asesor\u00eda en temas de divorcio, custodia, pensiones alimenticias y sucesiones, siempre priorizando el bienestar familiar y un enfoque humano. Entendemos que cada familia es \u00fanica, por lo que ofrecemos soluciones legales personalizadas que busquen resolver conflictos de manera armoniosa, promoviendo [&hellip;]<\/p>\n","protected":false},"author":2,"featured_media":0,"parent":0,"menu_order":0,"comment_status":"closed","ping_status":"closed","template":"","meta":{"footnotes":""},"class_list":["post-158","page","type-page","status-publish","hentry"],"yoast_head":"<!-- This site is optimized with the Yoast SEO plugin v26.1.1 - https:\/\/yoast.com\/wordpress\/plugins\/seo\/ -->\n<title>DERECHO DE FAMILIA - BC Legal Panam\u00e1: Derecho Corporativo, Derecho Inmobiliario, Derecho Penal en Panam\u00e1<\/title>\n<meta name=\"robots\" content=\"index, follow, max-snippet:-1, max-image-preview:large, max-video-preview:-1\" \/>\n<link rel=\"canonical\" href=\"https:\/\/bclegalpanama.com\/abogados\/derecho-de-familia\/\" \/>\n<meta property=\"og:locale\" content=\"es_ES\" \/>\n<meta property=\"og:type\" content=\"article\" \/>\n<meta property=\"og:title\" content=\"DERECHO DE FAMILIA - BC Legal Panam\u00e1: Derecho Corporativo, Derecho Inmobiliario, Derecho Penal en Panam\u00e1\" \/>\n<meta property=\"og:description\" content=\"DERECHO DE FAMILIA BC LEGAL Acompa\u00f1amos tus momentos m\u00e1s importantes con sensibilidad y experiencia. Brindamos asesor\u00eda en temas de divorcio, custodia, pensiones alimenticias y sucesiones, siempre priorizando el bienestar familiar y un enfoque humano. Entendemos que cada familia es \u00fanica, por lo que ofrecemos soluciones legales personalizadas que busquen resolver conflictos de manera armoniosa, promoviendo [&hellip;]\" \/>\n<meta property=\"og:url\" content=\"https:\/\/bclegalpanama.com\/abogados\/derecho-de-familia\/\" \/>\n<meta property=\"og:site_name\" content=\"BC Legal Panam\u00e1: Derecho Corporativo, Derecho Inmobiliario, Derecho Penal en Panam\u00e1\" \/>\n<meta property=\"article:modified_time\" content=\"2025-02-08T23:23:21+00:00\" \/>\n<meta name=\"twitter:card\" content=\"summary_large_image\" \/>\n<script type=\"application\/ld+json\" class=\"yoast-schema-graph\">{\"@context\":\"https:\/\/schema.org\",\"@graph\":[{\"@type\":\"WebPage\",\"@id\":\"https:\/\/bclegalpanama.com\/abogados\/derecho-de-familia\/\",\"url\":\"https:\/\/bclegalpanama.com\/abogados\/derecho-de-familia\/\",\"name\":\"DERECHO DE FAMILIA - BC Legal Panam\u00e1: Derecho Corporativo, Derecho Inmobiliario, Derecho Penal en Panam\u00e1\",\"isPartOf\":{\"@id\":\"https:\/\/bclegalpanama.com\/abogados\/#website\"},\"datePublished\":\"2025-01-25T00:10:02+00:00\",\"dateModified\":\"2025-02-08T23:23:21+00:00\",\"breadcrumb\":{\"@id\":\"https:\/\/bclegalpanama.com\/abogados\/derecho-de-familia\/#breadcrumb\"},\"inLanguage\":\"es\",\"potentialAction\":[{\"@type\":\"ReadAction\",\"target\":[\"https:\/\/bclegalpanama.com\/abogados\/derecho-de-familia\/\"]}]},{\"@type\":\"BreadcrumbList\",\"@id\":\"https:\/\/bclegalpanama.com\/abogados\/derecho-de-familia\/#breadcrumb\",\"itemListElement\":[{\"@type\":\"ListItem\",\"position\":1,\"name\":\"Portada\",\"item\":\"https:\/\/bclegalpanama.com\/abogados\/\"},{\"@type\":\"ListItem\",\"position\":2,\"name\":\"DERECHO DE FAMILIA\"}]},{\"@type\":\"WebSite\",\"@id\":\"https:\/\/bclegalpanama.com\/abogados\/#website\",\"url\":\"https:\/\/bclegalpanama.com\/abogados\/\",\"name\":\"BC Legal Panam\u00e1: Derecho Corporativo, Derecho Inmobiliario, Derecho Penal en Panam\u00e1\",\"description\":\"Firma de abogados en Panam\u00e1: Brindamos asesor\u00eda y representaci\u00f3n en diversas \u00e1reas del derecho, adapt\u00e1ndonos a las necesidades de cada cliente.\",\"publisher\":{\"@id\":\"https:\/\/bclegalpanama.com\/abogados\/#organization\"},\"potentialAction\":[{\"@type\":\"SearchAction\",\"target\":{\"@type\":\"EntryPoint\",\"urlTemplate\":\"https:\/\/bclegalpanama.com\/abogados\/?s={search_term_string}\"},\"query-input\":{\"@type\":\"PropertyValueSpecification\",\"valueRequired\":true,\"valueName\":\"search_term_string\"}}],\"inLanguage\":\"es\"},{\"@type\":\"Organization\",\"@id\":\"https:\/\/bclegalpanama.com\/abogados\/#organization\",\"name\":\"BC Legal Panam\u00e1: Derecho Corporativo, Derecho Inmobiliario, Derecho Penal en Panam\u00e1\",\"url\":\"https:\/\/bclegalpanama.com\/abogados\/\",\"logo\":{\"@type\":\"ImageObject\",\"inLanguage\":\"es\",\"@id\":\"https:\/\/bclegalpanama.com\/abogados\/#\/schema\/logo\/image\/\",\"url\":\"https:\/\/bclegalpanama.com\/abogados\/wp-content\/uploads\/2025\/01\/cropped-logo-bc-legal-panama-1.jpg\",\"contentUrl\":\"https:\/\/bclegalpanama.com\/abogados\/wp-content\/uploads\/2025\/01\/cropped-logo-bc-legal-panama-1.jpg\",\"width\":209,\"height\":106,\"caption\":\"BC Legal Panam\u00e1: Derecho Corporativo, Derecho Inmobiliario, Derecho Penal en Panam\u00e1\"},\"image\":{\"@id\":\"https:\/\/bclegalpanama.com\/abogados\/#\/schema\/logo\/image\/\"}}]}<\/script>\n<!-- \/ Yoast SEO plugin. -->","yoast_head_json":{"title":"DERECHO DE FAMILIA - BC Legal Panam\u00e1: Derecho Corporativo, Derecho Inmobiliario, Derecho Penal en Panam\u00e1","robots":{"index":"index","follow":"follow","max-snippet":"max-snippet:-1","max-image-preview":"max-image-preview:large","max-video-preview":"max-video-preview:-1"},"canonical":"https:\/\/bclegalpanama.com\/abogados\/derecho-de-familia\/","og_locale":"es_ES","og_type":"article","og_title":"DERECHO DE FAMILIA - BC Legal Panam\u00e1: Derecho Corporativo, Derecho Inmobiliario, Derecho Penal en Panam\u00e1","og_description":"DERECHO DE FAMILIA BC LEGAL Acompa\u00f1amos tus momentos m\u00e1s importantes con sensibilidad y experiencia. Brindamos asesor\u00eda en temas de divorcio, custodia, pensiones alimenticias y sucesiones, siempre priorizando el bienestar familiar y un enfoque humano. Entendemos que cada familia es \u00fanica, por lo que ofrecemos soluciones legales personalizadas que busquen resolver conflictos de manera armoniosa, promoviendo [&hellip;]","og_url":"https:\/\/bclegalpanama.com\/abogados\/derecho-de-familia\/","og_site_name":"BC Legal Panam\u00e1: Derecho Corporativo, Derecho Inmobiliario, Derecho Penal en Panam\u00e1","article_modified_time":"2025-02-08T23:23:21+00:00","twitter_card":"summary_large_image","schema":{"@context":"https:\/\/schema.org","@graph":[{"@type":"WebPage","@id":"https:\/\/bclegalpanama.com\/abogados\/derecho-de-familia\/","url":"https:\/\/bclegalpanama.com\/abogados\/derecho-de-familia\/","name":"DERECHO DE FAMILIA - BC Legal Panam\u00e1: Derecho Corporativo, Derecho Inmobiliario, Derecho Penal en Panam\u00e1","isPartOf":{"@id":"https:\/\/bclegalpanama.com\/abogados\/#website"},"datePublished":"2025-01-25T00:10:02+00:00","dateModified":"2025-02-08T23:23:21+00:00","breadcrumb":{"@id":"https:\/\/bclegalpanama.com\/abogados\/derecho-de-familia\/#breadcrumb"},"inLanguage":"es","potentialAction":[{"@type":"ReadAction","target":["https:\/\/bclegalpanama.com\/abogados\/derecho-de-familia\/"]}]},{"@type":"BreadcrumbList","@id":"https:\/\/bclegalpanama.com\/abogados\/derecho-de-familia\/#breadcrumb","itemListElement":[{"@type":"ListItem","position":1,"name":"Portada","item":"https:\/\/bclegalpanama.com\/abogados\/"},{"@type":"ListItem","position":2,"name":"DERECHO DE FAMILIA"}]},{"@type":"WebSite","@id":"https:\/\/bclegalpanama.com\/abogados\/#website","url":"https:\/\/bclegalpanama.com\/abogados\/","name":"BC Legal Panam\u00e1: Derecho Corporativo, Derecho Inmobiliario, Derecho Penal en Panam\u00e1","description":"Firma de abogados en Panam\u00e1: Brindamos asesor\u00eda y representaci\u00f3n en diversas \u00e1reas del derecho, adapt\u00e1ndonos a las necesidades de cada cliente.","publisher":{"@id":"https:\/\/bclegalpanama.com\/abogados\/#organization"},"potentialAction":[{"@type":"SearchAction","target":{"@type":"EntryPoint","urlTemplate":"https:\/\/bclegalpanama.com\/abogados\/?s={search_term_string}"},"query-input":{"@type":"PropertyValueSpecification","valueRequired":true,"valueName":"search_term_string"}}],"inLanguage":"es"},{"@type":"Organization","@id":"https:\/\/bclegalpanama.com\/abogados\/#organization","name":"BC Legal Panam\u00e1: Derecho Corporativo, Derecho Inmobiliario, Derecho Penal en Panam\u00e1","url":"https:\/\/bclegalpanama.com\/abogados\/","logo":{"@type":"ImageObject","inLanguage":"es","@id":"https:\/\/bclegalpanama.com\/abogados\/#\/schema\/logo\/image\/","url":"https:\/\/bclegalpanama.com\/abogados\/wp-content\/uploads\/2025\/01\/cropped-logo-bc-legal-panama-1.jpg","contentUrl":"https:\/\/bclegalpanama.com\/abogados\/wp-content\/uploads\/2025\/01\/cropped-logo-bc-legal-panama-1.jpg","width":209,"height":106,"caption":"BC Legal Panam\u00e1: Derecho Corporativo, Derecho Inmobiliario, Derecho Penal en Panam\u00e1"},"image":{"@id":"https:\/\/bclegalpanama.com\/abogados\/#\/schema\/logo\/image\/"}}]}},"_links":{"self":[{"href":"https:\/\/bclegalpanama.com\/abogados\/wp-json\/wp\/v2\/pages\/158","targetHints":{"allow":["GET"]}}],"collection":[{"href":"https:\/\/bclegalpanama.com\/abogados\/wp-json\/wp\/v2\/pages"}],"about":[{"href":"https:\/\/bclegalpanama.com\/abogados\/wp-json\/wp\/v2\/types\/page"}],"author":[{"embeddable":true,"href":"https:\/\/bclegalpanama.com\/abogados\/wp-json\/wp\/v2\/users\/2"}],"replies":[{"embeddable":true,"href":"https:\/\/bclegalpanama.com\/abogados\/wp-json\/wp\/v2\/comments?post=158"}],"version-history":[{"count":34,"href":"https:\/\/bclegalpanama.com\/abogados\/wp-json\/wp\/v2\/pages\/158\/revisions"}],"predecessor-version":[{"id":842,"href":"https:\/\/bclegalpanama.com\/abogados\/wp-json\/wp\/v2\/pages\/158\/revisions\/842"}],"wp:attachment":[{"href":"https:\/\/bclegalpanama.com\/abogados\/wp-json\/wp\/v2\/media?parent=158"}],"curies":[{"name":"wp","href":"https:\/\/api.w.org\/{rel}","templated":true}]}}