{"id":58,"date":"2025-01-22T22:59:35","date_gmt":"2025-01-22T22:59:35","guid":{"rendered":"https:\/\/bclegalpanama.com\/abogados\/?page_id=58"},"modified":"2025-11-08T19:47:51","modified_gmt":"2025-11-08T19:47:51","slug":"nuestro-equipo","status":"publish","type":"page","link":"https:\/\/bclegalpanama.com\/abogados\/nuestro-equipo\/","title":{"rendered":"NUESTRO EQUIPO"},"content":{"rendered":"\t\t<div data-elementor-type=\"wp-page\" data-elementor-id=\"58\" class=\"elementor elementor-58\" data-elementor-post-type=\"page\">\n\t\t\t\t\t\t<section class=\"elementor-section elementor-top-section elementor-element elementor-element-7640e457 elementor-section-boxed elementor-section-height-default elementor-section-height-default\" data-id=\"7640e457\" data-element_type=\"section\" data-settings=\"{&quot;background_background&quot;:&quot;classic&quot;}\">\n\t\t\t\t\t\t\t<div class=\"elementor-background-overlay\"><\/div>\n\t\t\t\t\t\t\t<div class=\"elementor-container elementor-column-gap-default\">\n\t\t\t\t\t<div class=\"elementor-column elementor-col-100 elementor-top-column elementor-element elementor-element-14478fd6\" data-id=\"14478fd6\" data-element_type=\"column\">\n\t\t\t<div class=\"elementor-widget-wrap elementor-element-populated\">\n\t\t\t\t\t\t<div class=\"elementor-element elementor-element-22b7cb3c elementor-widget-divider--view-line elementor-invisible elementor-widget elementor-widget-divider\" data-id=\"22b7cb3c\" data-element_type=\"widget\" data-settings=\"{&quot;_animation&quot;:&quot;fadeInUp&quot;}\" data-widget_type=\"divider.default\">\n\t\t\t\t<div class=\"elementor-widget-container\">\n\t\t\t\t\t\t\t<div class=\"elementor-divider\">\n\t\t\t<span class=\"elementor-divider-separator\">\n\t\t\t\t\t\t<\/span>\n\t\t<\/div>\n\t\t\t\t\t\t<\/div>\n\t\t\t\t<\/div>\n\t\t\t\t<div class=\"elementor-element elementor-element-19791459 elementor-invisible elementor-widget elementor-widget-heading\" data-id=\"19791459\" data-element_type=\"widget\" data-settings=\"{&quot;_animation&quot;:&quot;fadeInLeft&quot;,&quot;_animation_delay&quot;:300}\" data-widget_type=\"heading.default\">\n\t\t\t\t<div class=\"elementor-widget-container\">\n\t\t\t\t\t<h1 class=\"elementor-heading-title elementor-size-default\">Nuestro Equipo<\/h1>\t\t\t\t<\/div>\n\t\t\t\t<\/div>\n\t\t\t\t\t<\/div>\n\t\t<\/div>\n\t\t\t\t\t<\/div>\n\t\t<\/section>\n\t\t\t\t<section class=\"elementor-section elementor-top-section elementor-element elementor-element-4a7022d2 elementor-section-boxed elementor-section-height-default elementor-section-height-default elementor-invisible\" data-id=\"4a7022d2\" data-element_type=\"section\" data-settings=\"{&quot;animation&quot;:&quot;fadeInUp&quot;}\">\n\t\t\t\t\t\t<div class=\"elementor-container elementor-column-gap-default\">\n\t\t\t\t\t<div class=\"elementor-column elementor-col-25 elementor-top-column elementor-element elementor-element-4a9f7767\" data-id=\"4a9f7767\" data-element_type=\"column\">\n\t\t\t<div class=\"elementor-widget-wrap elementor-element-populated\">\n\t\t\t\t\t\t<div class=\"elementor-element elementor-element-7f111bd0 elementor-widget elementor-widget-image\" data-id=\"7f111bd0\" data-element_type=\"widget\" data-widget_type=\"image.default\">\n\t\t\t\t<div class=\"elementor-widget-container\">\n\t\t\t\t\t\t\t\t\t\t\t\t\t\t\t<img decoding=\"async\" src=\"https:\/\/bclegalpanama.com\/abogados\/wp-content\/uploads\/elementor\/thumbs\/alma-abogada-r16gk8rdphnnwrlkywtjhlj8bahlteq0k8r4dyo6co.jpg\" title=\"alma-abogada\" alt=\"alma-abogada\" loading=\"lazy\" \/>\t\t\t\t\t\t\t\t\t\t\t\t\t\t\t<\/div>\n\t\t\t\t<\/div>\n\t\t\t\t\t<\/div>\n\t\t<\/div>\n\t\t\t\t<div class=\"elementor-column elementor-col-25 elementor-top-column elementor-element elementor-element-2f09c1e3\" data-id=\"2f09c1e3\" data-element_type=\"column\">\n\t\t\t<div class=\"elementor-widget-wrap elementor-element-populated\">\n\t\t\t\t\t\t<div class=\"elementor-element elementor-element-5a5658ce elementor-widget elementor-widget-heading\" data-id=\"5a5658ce\" data-element_type=\"widget\" data-widget_type=\"heading.default\">\n\t\t\t\t<div class=\"elementor-widget-container\">\n\t\t\t\t\t<h4 class=\"elementor-heading-title elementor-size-default\">Mgter. ALMA ALONSO ESCALA<\/h4>\t\t\t\t<\/div>\n\t\t\t\t<\/div>\n\t\t\t\t<div class=\"elementor-element elementor-element-2da71201 elementor-widget elementor-widget-text-editor\" data-id=\"2da71201\" data-element_type=\"widget\" data-widget_type=\"text-editor.default\">\n\t\t\t\t<div class=\"elementor-widget-container\">\n\t\t\t\t\t\t\t\t\t<p>Abogada &#8211; Founder<\/p>\t\t\t\t\t\t\t\t<\/div>\n\t\t\t\t<\/div>\n\t\t\t\t<div class=\"elementor-element elementor-element-5d63fad8 elementor-widget elementor-widget-text-editor\" data-id=\"5d63fad8\" data-element_type=\"widget\" data-widget_type=\"text-editor.default\">\n\t\t\t\t<div class=\"elementor-widget-container\">\n\t\t\t\t\t\t\t\t\t<p>En BC Legal, nuestra fortaleza radica en el liderazgo y experiencia de nuestra fundadora, Alma Alonso Escala, una abogada con 20 a\u00f1os de trayectoria profesional en el \u00e1mbito legal. Su especializaci\u00f3n en comercio y negocios, combinada con un enfoque estrat\u00e9gico en litigios y negociaciones, ha permitido a nuestra firma ofrecer soluciones jur\u00eddicas s\u00f3lidas y personalizadas a nuestros clientes.<\/p>\t\t\t\t\t\t\t\t<\/div>\n\t\t\t\t<\/div>\n\t\t\t\t<div class=\"elementor-element elementor-element-33e4b82b elementor-widget elementor-widget-button\" data-id=\"33e4b82b\" data-element_type=\"widget\" data-widget_type=\"button.default\">\n\t\t\t\t<div class=\"elementor-widget-container\">\n\t\t\t\t\t\t\t\t\t<div class=\"elementor-button-wrapper\">\n\t\t\t\t\t<a class=\"elementor-button elementor-button-link elementor-size-sm elementor-animation-shrink\" href=\"http:\/\/bclegalpanama.com\/abogados\/mgter-alma-alonso-escala\/\">\n\t\t\t\t\t\t<span class=\"elementor-button-content-wrapper\">\n\t\t\t\t\t\t\t\t\t<span class=\"elementor-button-text\">LEER M\u00c1S<\/span>\n\t\t\t\t\t<\/span>\n\t\t\t\t\t<\/a>\n\t\t\t\t<\/div>\n\t\t\t\t\t\t\t\t<\/div>\n\t\t\t\t<\/div>\n\t\t\t\t\t<\/div>\n\t\t<\/div>\n\t\t\t\t<div class=\"elementor-column elementor-col-25 elementor-top-column elementor-element elementor-element-5313661a\" data-id=\"5313661a\" data-element_type=\"column\">\n\t\t\t<div class=\"elementor-widget-wrap elementor-element-populated\">\n\t\t\t\t\t\t<div class=\"elementor-element elementor-element-76243c60 elementor-widget elementor-widget-image\" data-id=\"76243c60\" data-element_type=\"widget\" data-widget_type=\"image.default\">\n\t\t\t\t<div class=\"elementor-widget-container\">\n\t\t\t\t\t\t\t\t\t\t\t\t\t\t\t<img decoding=\"async\" src=\"https:\/\/bclegalpanama.com\/abogados\/wp-content\/uploads\/elementor\/thumbs\/raciel-garcia-abogados-r16gr9lyrx9snveayg46mbq83xvcbzlt708qhe99uw.jpg\" title=\"raciel-garcia-abogados\" alt=\"raciel-garcia-abogados\" loading=\"lazy\" \/>\t\t\t\t\t\t\t\t\t\t\t\t\t\t\t<\/div>\n\t\t\t\t<\/div>\n\t\t\t\t\t<\/div>\n\t\t<\/div>\n\t\t\t\t<div class=\"elementor-column elementor-col-25 elementor-top-column elementor-element elementor-element-24e7215a\" data-id=\"24e7215a\" data-element_type=\"column\">\n\t\t\t<div class=\"elementor-widget-wrap elementor-element-populated\">\n\t\t\t\t\t\t<div class=\"elementor-element elementor-element-19ce701f elementor-widget elementor-widget-heading\" data-id=\"19ce701f\" data-element_type=\"widget\" data-widget_type=\"heading.default\">\n\t\t\t\t<div class=\"elementor-widget-container\">\n\t\t\t\t\t<h4 class=\"elementor-heading-title elementor-size-default\">RACIEL GARCIA CASTRO<\/h4>\t\t\t\t<\/div>\n\t\t\t\t<\/div>\n\t\t\t\t<div class=\"elementor-element elementor-element-26733848 elementor-widget elementor-widget-text-editor\" data-id=\"26733848\" data-element_type=\"widget\" data-widget_type=\"text-editor.default\">\n\t\t\t\t<div class=\"elementor-widget-container\">\n\t\t\t\t\t\t\t\t\t<p>Asistente Legal<\/p>\t\t\t\t\t\t\t\t<\/div>\n\t\t\t\t<\/div>\n\t\t\t\t<div class=\"elementor-element elementor-element-2bd4a388 elementor-widget elementor-widget-text-editor\" data-id=\"2bd4a388\" data-element_type=\"widget\" data-widget_type=\"text-editor.default\">\n\t\t\t\t<div class=\"elementor-widget-container\">\n\t\t\t\t\t\t\t\t\t<p>Con 7 a\u00f1os formando parte del equipo de BC Legal, Raciel Garc\u00eda Castro se ha convertido en un pilar fundamental para el \u00e9xito de la firma. Graduando de la Licenciatura en Recursos Humanos en la Universidad de Panam\u00e1, combina su formaci\u00f3n acad\u00e9mica con una s\u00f3lida experiencia como asistente legal, destac\u00e1ndose por su dedicaci\u00f3n, eficiencia y compromiso con la excelencia.<\/p>\t\t\t\t\t\t\t\t<\/div>\n\t\t\t\t<\/div>\n\t\t\t\t<div class=\"elementor-element elementor-element-5e1a2cc5 elementor-widget elementor-widget-button\" data-id=\"5e1a2cc5\" data-element_type=\"widget\" data-widget_type=\"button.default\">\n\t\t\t\t<div class=\"elementor-widget-container\">\n\t\t\t\t\t\t\t\t\t<div class=\"elementor-button-wrapper\">\n\t\t\t\t\t<a class=\"elementor-button elementor-button-link elementor-size-sm elementor-animation-shrink\" href=\"http:\/\/bclegalpanama.com\/abogados\/raciel-garcia-castro\/\">\n\t\t\t\t\t\t<span class=\"elementor-button-content-wrapper\">\n\t\t\t\t\t\t\t\t\t<span class=\"elementor-button-text\">LEER M\u00c1S<\/span>\n\t\t\t\t\t<\/span>\n\t\t\t\t\t<\/a>\n\t\t\t\t<\/div>\n\t\t\t\t\t\t\t\t<\/div>\n\t\t\t\t<\/div>\n\t\t\t\t\t<\/div>\n\t\t<\/div>\n\t\t\t\t\t<\/div>\n\t\t<\/section>\n\t\t\t\t<section class=\"elementor-section elementor-top-section elementor-element elementor-element-22c70415 elementor-section-boxed elementor-section-height-default elementor-section-height-default\" data-id=\"22c70415\" data-element_type=\"section\" data-settings=\"{&quot;background_background&quot;:&quot;classic&quot;}\">\n\t\t\t\t\t\t<div class=\"elementor-container elementor-column-gap-default\">\n\t\t\t\t\t<div class=\"elementor-column elementor-col-100 elementor-top-column elementor-element elementor-element-5ea701d0\" data-id=\"5ea701d0\" data-element_type=\"column\">\n\t\t\t<div class=\"elementor-widget-wrap elementor-element-populated\">\n\t\t\t\t\t\t<div class=\"elementor-element elementor-element-4e7c9e3a elementor-widget-divider--view-line elementor-invisible elementor-widget elementor-widget-divider\" data-id=\"4e7c9e3a\" data-element_type=\"widget\" data-settings=\"{&quot;_animation&quot;:&quot;fadeInUp&quot;}\" data-widget_type=\"divider.default\">\n\t\t\t\t<div class=\"elementor-widget-container\">\n\t\t\t\t\t\t\t<div class=\"elementor-divider\">\n\t\t\t<span class=\"elementor-divider-separator\">\n\t\t\t\t\t\t<\/span>\n\t\t<\/div>\n\t\t\t\t\t\t<\/div>\n\t\t\t\t<\/div>\n\t\t\t\t<div class=\"elementor-element elementor-element-6a702005 elementor-align-center elementor-widget elementor-widget-button\" data-id=\"6a702005\" data-element_type=\"widget\" data-widget_type=\"button.default\">\n\t\t\t\t<div class=\"elementor-widget-container\">\n\t\t\t\t\t\t\t\t\t<div class=\"elementor-button-wrapper\">\n\t\t\t\t\t<a class=\"elementor-button elementor-button-link elementor-size-sm\" href=\"http:\/\/bclegalpanama.com\/abogados\/contacto\/\">\n\t\t\t\t\t\t<span class=\"elementor-button-content-wrapper\">\n\t\t\t\t\t\t\t\t\t<span class=\"elementor-button-text\">CONT\u00c1CTENOS<\/span>\n\t\t\t\t\t<\/span>\n\t\t\t\t\t<\/a>\n\t\t\t\t<\/div>\n\t\t\t\t\t\t\t\t<\/div>\n\t\t\t\t<\/div>\n\t\t\t\t\t<\/div>\n\t\t<\/div>\n\t\t\t\t\t<\/div>\n\t\t<\/section>\n\t\t\t\t<\/div>\n\t\t","protected":false},"excerpt":{"rendered":"<p>Nuestro Equipo Mgter. ALMA ALONSO ESCALA Abogada &#8211; Founder En BC Legal, nuestra fortaleza radica en el liderazgo y experiencia de nuestra fundadora, Alma Alonso Escala, una abogada con 20 a\u00f1os de trayectoria profesional en el \u00e1mbito legal. Su especializaci\u00f3n en comercio y negocios, combinada con un enfoque estrat\u00e9gico en litigios y negociaciones, ha permitido [&hellip;]<\/p>\n","protected":false},"author":2,"featured_media":0,"parent":0,"menu_order":0,"comment_status":"closed","ping_status":"closed","template":"","meta":{"footnotes":""},"class_list":["post-58","page","type-page","status-publish","hentry"],"yoast_head":"<!-- This site is optimized with the Yoast SEO plugin v26.1.1 - https:\/\/yoast.com\/wordpress\/plugins\/seo\/ -->\n<title>NUESTRO EQUIPO - BC Legal Panam\u00e1: Derecho Corporativo, Derecho Inmobiliario, Derecho Penal en Panam\u00e1<\/title>\n<meta name=\"robots\" content=\"index, follow, max-snippet:-1, max-image-preview:large, max-video-preview:-1\" \/>\n<link rel=\"canonical\" href=\"https:\/\/bclegalpanama.com\/abogados\/nuestro-equipo\/\" \/>\n<meta property=\"og:locale\" content=\"es_ES\" \/>\n<meta property=\"og:type\" content=\"article\" \/>\n<meta property=\"og:title\" content=\"NUESTRO EQUIPO - BC Legal Panam\u00e1: Derecho Corporativo, Derecho Inmobiliario, Derecho Penal en Panam\u00e1\" \/>\n<meta property=\"og:description\" content=\"Nuestro Equipo Mgter. ALMA ALONSO ESCALA Abogada &#8211; Founder En BC Legal, nuestra fortaleza radica en el liderazgo y experiencia de nuestra fundadora, Alma Alonso Escala, una abogada con 20 a\u00f1os de trayectoria profesional en el \u00e1mbito legal. Su especializaci\u00f3n en comercio y negocios, combinada con un enfoque estrat\u00e9gico en litigios y negociaciones, ha permitido [&hellip;]\" \/>\n<meta property=\"og:url\" content=\"https:\/\/bclegalpanama.com\/abogados\/nuestro-equipo\/\" \/>\n<meta property=\"og:site_name\" content=\"BC Legal Panam\u00e1: Derecho Corporativo, Derecho Inmobiliario, Derecho Penal en Panam\u00e1\" \/>\n<meta property=\"article:modified_time\" content=\"2025-11-08T19:47:51+00:00\" \/>\n<meta property=\"og:image\" content=\"https:\/\/bclegalpanama.com\/abogados\/wp-content\/uploads\/elementor\/thumbs\/alma-abogada-r16gk8rdphnnwrlkywtjhlj8bahlteq0k8r4dyo6co.jpg\" \/>\n<meta name=\"twitter:card\" content=\"summary_large_image\" \/>\n<meta name=\"twitter:label1\" content=\"Tiempo de lectura\" \/>\n\t<meta name=\"twitter:data1\" content=\"2 minutos\" \/>\n<script type=\"application\/ld+json\" class=\"yoast-schema-graph\">{\"@context\":\"https:\/\/schema.org\",\"@graph\":[{\"@type\":\"WebPage\",\"@id\":\"https:\/\/bclegalpanama.com\/abogados\/nuestro-equipo\/\",\"url\":\"https:\/\/bclegalpanama.com\/abogados\/nuestro-equipo\/\",\"name\":\"NUESTRO EQUIPO - BC Legal Panam\u00e1: Derecho Corporativo, Derecho Inmobiliario, Derecho Penal en Panam\u00e1\",\"isPartOf\":{\"@id\":\"https:\/\/bclegalpanama.com\/abogados\/#website\"},\"primaryImageOfPage\":{\"@id\":\"https:\/\/bclegalpanama.com\/abogados\/nuestro-equipo\/#primaryimage\"},\"image\":{\"@id\":\"https:\/\/bclegalpanama.com\/abogados\/nuestro-equipo\/#primaryimage\"},\"thumbnailUrl\":\"https:\/\/bclegalpanama.com\/abogados\/wp-content\/uploads\/elementor\/thumbs\/alma-abogada-r16gk8rdphnnwrlkywtjhlj8bahlteq0k8r4dyo6co.jpg\",\"datePublished\":\"2025-01-22T22:59:35+00:00\",\"dateModified\":\"2025-11-08T19:47:51+00:00\",\"breadcrumb\":{\"@id\":\"https:\/\/bclegalpanama.com\/abogados\/nuestro-equipo\/#breadcrumb\"},\"inLanguage\":\"es\",\"potentialAction\":[{\"@type\":\"ReadAction\",\"target\":[\"https:\/\/bclegalpanama.com\/abogados\/nuestro-equipo\/\"]}]},{\"@type\":\"ImageObject\",\"inLanguage\":\"es\",\"@id\":\"https:\/\/bclegalpanama.com\/abogados\/nuestro-equipo\/#primaryimage\",\"url\":\"https:\/\/bclegalpanama.com\/abogados\/wp-content\/uploads\/elementor\/thumbs\/alma-abogada-r16gk8rdphnnwrlkywtjhlj8bahlteq0k8r4dyo6co.jpg\",\"contentUrl\":\"https:\/\/bclegalpanama.com\/abogados\/wp-content\/uploads\/elementor\/thumbs\/alma-abogada-r16gk8rdphnnwrlkywtjhlj8bahlteq0k8r4dyo6co.jpg\"},{\"@type\":\"BreadcrumbList\",\"@id\":\"https:\/\/bclegalpanama.com\/abogados\/nuestro-equipo\/#breadcrumb\",\"itemListElement\":[{\"@type\":\"ListItem\",\"position\":1,\"name\":\"Portada\",\"item\":\"https:\/\/bclegalpanama.com\/abogados\/\"},{\"@type\":\"ListItem\",\"position\":2,\"name\":\"NUESTRO EQUIPO\"}]},{\"@type\":\"WebSite\",\"@id\":\"https:\/\/bclegalpanama.com\/abogados\/#website\",\"url\":\"https:\/\/bclegalpanama.com\/abogados\/\",\"name\":\"BC Legal Panam\u00e1: Derecho Corporativo, Derecho Inmobiliario, Derecho Penal en Panam\u00e1\",\"description\":\"Firma de abogados en Panam\u00e1: Brindamos asesor\u00eda y representaci\u00f3n en diversas \u00e1reas del derecho, adapt\u00e1ndonos a las necesidades de cada cliente.\",\"publisher\":{\"@id\":\"https:\/\/bclegalpanama.com\/abogados\/#organization\"},\"potentialAction\":[{\"@type\":\"SearchAction\",\"target\":{\"@type\":\"EntryPoint\",\"urlTemplate\":\"https:\/\/bclegalpanama.com\/abogados\/?s={search_term_string}\"},\"query-input\":{\"@type\":\"PropertyValueSpecification\",\"valueRequired\":true,\"valueName\":\"search_term_string\"}}],\"inLanguage\":\"es\"},{\"@type\":\"Organization\",\"@id\":\"https:\/\/bclegalpanama.com\/abogados\/#organization\",\"name\":\"BC Legal Panam\u00e1: Derecho Corporativo, Derecho Inmobiliario, Derecho Penal en Panam\u00e1\",\"url\":\"https:\/\/bclegalpanama.com\/abogados\/\",\"logo\":{\"@type\":\"ImageObject\",\"inLanguage\":\"es\",\"@id\":\"https:\/\/bclegalpanama.com\/abogados\/#\/schema\/logo\/image\/\",\"url\":\"https:\/\/bclegalpanama.com\/abogados\/wp-content\/uploads\/2025\/01\/cropped-logo-bc-legal-panama-1.jpg\",\"contentUrl\":\"https:\/\/bclegalpanama.com\/abogados\/wp-content\/uploads\/2025\/01\/cropped-logo-bc-legal-panama-1.jpg\",\"width\":209,\"height\":106,\"caption\":\"BC Legal Panam\u00e1: Derecho Corporativo, Derecho Inmobiliario, Derecho Penal en Panam\u00e1\"},\"image\":{\"@id\":\"https:\/\/bclegalpanama.com\/abogados\/#\/schema\/logo\/image\/\"}}]}<\/script>\n<!-- \/ Yoast SEO plugin. -->","yoast_head_json":{"title":"NUESTRO EQUIPO - BC Legal Panam\u00e1: Derecho Corporativo, Derecho Inmobiliario, Derecho Penal en Panam\u00e1","robots":{"index":"index","follow":"follow","max-snippet":"max-snippet:-1","max-image-preview":"max-image-preview:large","max-video-preview":"max-video-preview:-1"},"canonical":"https:\/\/bclegalpanama.com\/abogados\/nuestro-equipo\/","og_locale":"es_ES","og_type":"article","og_title":"NUESTRO EQUIPO - BC Legal Panam\u00e1: Derecho Corporativo, Derecho Inmobiliario, Derecho Penal en Panam\u00e1","og_description":"Nuestro Equipo Mgter. ALMA ALONSO ESCALA Abogada &#8211; Founder En BC Legal, nuestra fortaleza radica en el liderazgo y experiencia de nuestra fundadora, Alma Alonso Escala, una abogada con 20 a\u00f1os de trayectoria profesional en el \u00e1mbito legal. Su especializaci\u00f3n en comercio y negocios, combinada con un enfoque estrat\u00e9gico en litigios y negociaciones, ha permitido [&hellip;]","og_url":"https:\/\/bclegalpanama.com\/abogados\/nuestro-equipo\/","og_site_name":"BC Legal Panam\u00e1: Derecho Corporativo, Derecho Inmobiliario, Derecho Penal en Panam\u00e1","article_modified_time":"2025-11-08T19:47:51+00:00","og_image":[{"url":"https:\/\/bclegalpanama.com\/abogados\/wp-content\/uploads\/elementor\/thumbs\/alma-abogada-r16gk8rdphnnwrlkywtjhlj8bahlteq0k8r4dyo6co.jpg","type":"","width":"","height":""}],"twitter_card":"summary_large_image","twitter_misc":{"Tiempo de lectura":"2 minutos"},"schema":{"@context":"https:\/\/schema.org","@graph":[{"@type":"WebPage","@id":"https:\/\/bclegalpanama.com\/abogados\/nuestro-equipo\/","url":"https:\/\/bclegalpanama.com\/abogados\/nuestro-equipo\/","name":"NUESTRO EQUIPO - BC Legal Panam\u00e1: Derecho Corporativo, Derecho Inmobiliario, Derecho Penal en Panam\u00e1","isPartOf":{"@id":"https:\/\/bclegalpanama.com\/abogados\/#website"},"primaryImageOfPage":{"@id":"https:\/\/bclegalpanama.com\/abogados\/nuestro-equipo\/#primaryimage"},"image":{"@id":"https:\/\/bclegalpanama.com\/abogados\/nuestro-equipo\/#primaryimage"},"thumbnailUrl":"https:\/\/bclegalpanama.com\/abogados\/wp-content\/uploads\/elementor\/thumbs\/alma-abogada-r16gk8rdphnnwrlkywtjhlj8bahlteq0k8r4dyo6co.jpg","datePublished":"2025-01-22T22:59:35+00:00","dateModified":"2025-11-08T19:47:51+00:00","breadcrumb":{"@id":"https:\/\/bclegalpanama.com\/abogados\/nuestro-equipo\/#breadcrumb"},"inLanguage":"es","potentialAction":[{"@type":"ReadAction","target":["https:\/\/bclegalpanama.com\/abogados\/nuestro-equipo\/"]}]},{"@type":"ImageObject","inLanguage":"es","@id":"https:\/\/bclegalpanama.com\/abogados\/nuestro-equipo\/#primaryimage","url":"https:\/\/bclegalpanama.com\/abogados\/wp-content\/uploads\/elementor\/thumbs\/alma-abogada-r16gk8rdphnnwrlkywtjhlj8bahlteq0k8r4dyo6co.jpg","contentUrl":"https:\/\/bclegalpanama.com\/abogados\/wp-content\/uploads\/elementor\/thumbs\/alma-abogada-r16gk8rdphnnwrlkywtjhlj8bahlteq0k8r4dyo6co.jpg"},{"@type":"BreadcrumbList","@id":"https:\/\/bclegalpanama.com\/abogados\/nuestro-equipo\/#breadcrumb","itemListElement":[{"@type":"ListItem","position":1,"name":"Portada","item":"https:\/\/bclegalpanama.com\/abogados\/"},{"@type":"ListItem","position":2,"name":"NUESTRO EQUIPO"}]},{"@type":"WebSite","@id":"https:\/\/bclegalpanama.com\/abogados\/#website","url":"https:\/\/bclegalpanama.com\/abogados\/","name":"BC Legal Panam\u00e1: Derecho Corporativo, Derecho Inmobiliario, Derecho Penal en Panam\u00e1","description":"Firma de abogados en Panam\u00e1: Brindamos asesor\u00eda y representaci\u00f3n en diversas \u00e1reas del derecho, adapt\u00e1ndonos a las necesidades de cada cliente.","publisher":{"@id":"https:\/\/bclegalpanama.com\/abogados\/#organization"},"potentialAction":[{"@type":"SearchAction","target":{"@type":"EntryPoint","urlTemplate":"https:\/\/bclegalpanama.com\/abogados\/?s={search_term_string}"},"query-input":{"@type":"PropertyValueSpecification","valueRequired":true,"valueName":"search_term_string"}}],"inLanguage":"es"},{"@type":"Organization","@id":"https:\/\/bclegalpanama.com\/abogados\/#organization","name":"BC Legal Panam\u00e1: Derecho Corporativo, Derecho Inmobiliario, Derecho Penal en Panam\u00e1","url":"https:\/\/bclegalpanama.com\/abogados\/","logo":{"@type":"ImageObject","inLanguage":"es","@id":"https:\/\/bclegalpanama.com\/abogados\/#\/schema\/logo\/image\/","url":"https:\/\/bclegalpanama.com\/abogados\/wp-content\/uploads\/2025\/01\/cropped-logo-bc-legal-panama-1.jpg","contentUrl":"https:\/\/bclegalpanama.com\/abogados\/wp-content\/uploads\/2025\/01\/cropped-logo-bc-legal-panama-1.jpg","width":209,"height":106,"caption":"BC Legal Panam\u00e1: Derecho Corporativo, Derecho Inmobiliario, Derecho Penal en Panam\u00e1"},"image":{"@id":"https:\/\/bclegalpanama.com\/abogados\/#\/schema\/logo\/image\/"}}]}},"_links":{"self":[{"href":"https:\/\/bclegalpanama.com\/abogados\/wp-json\/wp\/v2\/pages\/58","targetHints":{"allow":["GET"]}}],"collection":[{"href":"https:\/\/bclegalpanama.com\/abogados\/wp-json\/wp\/v2\/pages"}],"about":[{"href":"https:\/\/bclegalpanama.com\/abogados\/wp-json\/wp\/v2\/types\/page"}],"author":[{"embeddable":true,"href":"https:\/\/bclegalpanama.com\/abogados\/wp-json\/wp\/v2\/users\/2"}],"replies":[{"embeddable":true,"href":"https:\/\/bclegalpanama.com\/abogados\/wp-json\/wp\/v2\/comments?post=58"}],"version-history":[{"count":124,"href":"https:\/\/bclegalpanama.com\/abogados\/wp-json\/wp\/v2\/pages\/58\/revisions"}],"predecessor-version":[{"id":1046,"href":"https:\/\/bclegalpanama.com\/abogados\/wp-json\/wp\/v2\/pages\/58\/revisions\/1046"}],"wp:attachment":[{"href":"https:\/\/bclegalpanama.com\/abogados\/wp-json\/wp\/v2\/media?parent=58"}],"curies":[{"name":"wp","href":"https:\/\/api.w.org\/{rel}","templated":true}]}}