{"id":942,"date":"2025-02-09T19:59:53","date_gmt":"2025-02-09T19:59:53","guid":{"rendered":"https:\/\/bclegalpanama.com\/abogados\/?page_id=942"},"modified":"2026-01-14T20:12:30","modified_gmt":"2026-01-14T20:12:30","slug":"mgter-alma-alonso-escala","status":"publish","type":"page","link":"https:\/\/bclegalpanama.com\/abogados\/mgter-alma-alonso-escala\/","title":{"rendered":"Mgter. ALMA ALONSO ESCALA"},"content":{"rendered":"\t\t<div data-elementor-type=\"wp-page\" data-elementor-id=\"942\" class=\"elementor elementor-942\" data-elementor-post-type=\"page\">\n\t\t\t\t\t\t<section class=\"elementor-section elementor-top-section elementor-element elementor-element-3407072c elementor-section-boxed elementor-section-height-default elementor-section-height-default\" data-id=\"3407072c\" data-element_type=\"section\" data-settings=\"{&quot;background_background&quot;:&quot;classic&quot;}\">\n\t\t\t\t\t\t\t<div class=\"elementor-background-overlay\"><\/div>\n\t\t\t\t\t\t\t<div class=\"elementor-container elementor-column-gap-default\">\n\t\t\t\t\t<div class=\"elementor-column elementor-col-50 elementor-top-column elementor-element elementor-element-64558425 elementor-invisible\" data-id=\"64558425\" data-element_type=\"column\" data-settings=\"{&quot;animation&quot;:&quot;fadeInLeft&quot;,&quot;background_background&quot;:&quot;classic&quot;}\">\n\t\t\t<div class=\"elementor-widget-wrap elementor-element-populated\">\n\t\t\t\t\t\t<div class=\"elementor-element elementor-element-12b7a29e elementor-widget elementor-widget-spacer\" data-id=\"12b7a29e\" data-element_type=\"widget\" data-widget_type=\"spacer.default\">\n\t\t\t\t<div class=\"elementor-widget-container\">\n\t\t\t\t\t\t\t<div class=\"elementor-spacer\">\n\t\t\t<div class=\"elementor-spacer-inner\"><\/div>\n\t\t<\/div>\n\t\t\t\t\t\t<\/div>\n\t\t\t\t<\/div>\n\t\t\t\t\t<\/div>\n\t\t<\/div>\n\t\t\t\t<div class=\"elementor-column elementor-col-50 elementor-top-column elementor-element elementor-element-32b07ba5 elementor-invisible\" data-id=\"32b07ba5\" data-element_type=\"column\" data-settings=\"{&quot;animation&quot;:&quot;fadeInLeft&quot;}\">\n\t\t\t<div class=\"elementor-widget-wrap elementor-element-populated\">\n\t\t\t\t\t\t<div class=\"elementor-element elementor-element-bf525a5 elementor-widget elementor-widget-heading\" data-id=\"bf525a5\" data-element_type=\"widget\" data-widget_type=\"heading.default\">\n\t\t\t\t<div class=\"elementor-widget-container\">\n\t\t\t\t\t<h2 class=\"elementor-heading-title elementor-size-default\">Mgter. ALMA ALONSO ESCALA<\/h2>\t\t\t\t<\/div>\n\t\t\t\t<\/div>\n\t\t\t\t<div class=\"elementor-element elementor-element-1473a04 elementor-widget elementor-widget-heading\" data-id=\"1473a04\" data-element_type=\"widget\" data-widget_type=\"heading.default\">\n\t\t\t\t<div class=\"elementor-widget-container\">\n\t\t\t\t\t<h4 class=\"elementor-heading-title elementor-size-default\">Abogada - Founder<\/h4>\t\t\t\t<\/div>\n\t\t\t\t<\/div>\n\t\t\t\t<div class=\"elementor-element elementor-element-1c965b58 elementor-widget-divider--view-line elementor-invisible elementor-widget elementor-widget-divider\" data-id=\"1c965b58\" data-element_type=\"widget\" data-settings=\"{&quot;_animation&quot;:&quot;fadeInUp&quot;}\" data-widget_type=\"divider.default\">\n\t\t\t\t<div class=\"elementor-widget-container\">\n\t\t\t\t\t\t\t<div class=\"elementor-divider\">\n\t\t\t<span class=\"elementor-divider-separator\">\n\t\t\t\t\t\t<\/span>\n\t\t<\/div>\n\t\t\t\t\t\t<\/div>\n\t\t\t\t<\/div>\n\t\t\t\t<div class=\"elementor-element elementor-element-33430346 envato-kit-93-drop-cap elementor-invisible elementor-widget elementor-widget-text-editor\" data-id=\"33430346\" data-element_type=\"widget\" data-settings=\"{&quot;_animation&quot;:&quot;fadeInUp&quot;}\" data-widget_type=\"text-editor.default\">\n\t\t\t\t<div class=\"elementor-widget-container\">\n\t\t\t\t\t\t\t\t\t<p>En BC Legal, nuestra fortaleza radica en el liderazgo y experiencia de nuestra fundadora, Alma Alonso Escala, una abogada con 20 a\u00f1os de trayectoria profesional en el \u00e1mbito legal. Su especializaci\u00f3n en comercio y negocios, combinada con un enfoque estrat\u00e9gico en litigios y negociaciones, ha permitido a nuestra firma ofrecer soluciones jur\u00eddicas s\u00f3lidas y personalizadas a nuestros clientes.<\/p><p><strong>Alma Alonso Escala<\/strong> inici\u00f3 su carrera en instituciones p\u00fablicas clave y reconocidas firmas legales, donde destac\u00f3 en la redacci\u00f3n de documentos jur\u00eddicos, el seguimiento de tr\u00e1mites y la asesor\u00eda legal integral. En la actualidad, ejerce como abogada y administradora de proyectos, consolidando su experiencia en la direcci\u00f3n de casos complejos y en la docencia, donde ha desarrollado habilidades de comunicaci\u00f3n y liderazgo excepcionales.<\/p>\t\t\t\t\t\t\t\t<\/div>\n\t\t\t\t<\/div>\n\t\t\t\t\t<\/div>\n\t\t<\/div>\n\t\t\t\t\t<\/div>\n\t\t<\/section>\n\t\t\t\t<section class=\"elementor-section elementor-top-section elementor-element elementor-element-9ad3259 elementor-section-boxed elementor-section-height-default elementor-section-height-default\" data-id=\"9ad3259\" data-element_type=\"section\" data-settings=\"{&quot;background_background&quot;:&quot;classic&quot;}\">\n\t\t\t\t\t\t\t<div class=\"elementor-background-overlay\"><\/div>\n\t\t\t\t\t\t\t<div class=\"elementor-container elementor-column-gap-default\">\n\t\t\t\t\t<div class=\"elementor-column elementor-col-100 elementor-top-column elementor-element elementor-element-e384f2a elementor-invisible\" data-id=\"e384f2a\" data-element_type=\"column\" data-settings=\"{&quot;animation&quot;:&quot;fadeInLeft&quot;}\">\n\t\t\t<div class=\"elementor-widget-wrap elementor-element-populated\">\n\t\t\t\t\t\t<div class=\"elementor-element elementor-element-1fea2cc envato-kit-93-drop-cap elementor-invisible elementor-widget elementor-widget-text-editor\" data-id=\"1fea2cc\" data-element_type=\"widget\" data-settings=\"{&quot;_animation&quot;:&quot;fadeInUp&quot;}\" data-widget_type=\"text-editor.default\">\n\t\t\t\t<div class=\"elementor-widget-container\">\n\t\t\t\t\t\t\t\t\t<p>Cuenta con experiencia en la pr\u00e1ctica docente, dictando Diplomados en <strong>Redacci\u00f3n, An\u00e1lisis e Interpretaci\u00f3n de Documentos Jur\u00eddicos; Constituci\u00f3n de Sociedades An\u00f3nimas; Derecho Notarial; Transferencia de Bienes Inmuebles; Disoluci\u00f3n de Sociedades An\u00f3nimas<\/strong>, entre otros, permiti\u00e9ndole ofrecer una perspectiva integral en cada intervenci\u00f3n que realiza.<\/p><p>Gracias a su visi\u00f3n, <strong>BC Legal<\/strong> se ha convertido en una firma que combina experiencia, innovaci\u00f3n y compromiso con cada cliente, trabajando con \u00e9tica y profesionalismo para transformar retos legales en oportunidades de crecimiento.<\/p>\t\t\t\t\t\t\t\t<\/div>\n\t\t\t\t<\/div>\n\t\t\t\t<div class=\"elementor-element elementor-element-7c3fd42 elementor-widget-divider--view-line elementor-invisible elementor-widget elementor-widget-divider\" data-id=\"7c3fd42\" data-element_type=\"widget\" data-settings=\"{&quot;_animation&quot;:&quot;fadeInUp&quot;}\" data-widget_type=\"divider.default\">\n\t\t\t\t<div class=\"elementor-widget-container\">\n\t\t\t\t\t\t\t<div class=\"elementor-divider\">\n\t\t\t<span class=\"elementor-divider-separator\">\n\t\t\t\t\t\t<\/span>\n\t\t<\/div>\n\t\t\t\t\t\t<\/div>\n\t\t\t\t<\/div>\n\t\t\t\t<div class=\"elementor-element elementor-element-c0017c8 elementor-widget elementor-widget-heading\" data-id=\"c0017c8\" data-element_type=\"widget\" data-widget_type=\"heading.default\">\n\t\t\t\t<div class=\"elementor-widget-container\">\n\t\t\t\t\t<h3 class=\"elementor-heading-title elementor-size-default\">Formaci\u00f3n Acad\u00e9mica<\/h3>\t\t\t\t<\/div>\n\t\t\t\t<\/div>\n\t\t\t\t\t<\/div>\n\t\t<\/div>\n\t\t\t\t\t<\/div>\n\t\t<\/section>\n\t\t\t\t<section class=\"elementor-section elementor-top-section elementor-element elementor-element-be41133 elementor-section-boxed elementor-section-height-default elementor-section-height-default\" data-id=\"be41133\" data-element_type=\"section\" data-settings=\"{&quot;background_background&quot;:&quot;classic&quot;}\">\n\t\t\t\t\t\t\t<div class=\"elementor-background-overlay\"><\/div>\n\t\t\t\t\t\t\t<div class=\"elementor-container elementor-column-gap-default\">\n\t\t\t\t\t<div class=\"elementor-column elementor-col-50 elementor-top-column elementor-element elementor-element-67bc1c9 elementor-invisible\" data-id=\"67bc1c9\" data-element_type=\"column\" data-settings=\"{&quot;animation&quot;:&quot;fadeInLeft&quot;}\">\n\t\t\t<div class=\"elementor-widget-wrap elementor-element-populated\">\n\t\t\t\t\t\t<div class=\"elementor-element elementor-element-6f5c5e0 envato-kit-93-drop-cap elementor-invisible elementor-widget elementor-widget-text-editor\" data-id=\"6f5c5e0\" data-element_type=\"widget\" data-settings=\"{&quot;_animation&quot;:&quot;fadeInUp&quot;}\" data-widget_type=\"text-editor.default\">\n\t\t\t\t<div class=\"elementor-widget-container\">\n\t\t\t\t\t\t\t\t\t<ul><li><strong>MBA en Comercio Internacional<\/strong><br \/>Universidad Interamericana de Panam\u00e1<\/li><li><strong>Maestr\u00eda en Derecho Comercial<\/strong><br \/>Universidad Interamericana de Panam\u00e1<\/li><li><strong>Licenciatura en Derecho y Ciencias Pol\u00edticas<\/strong><br \/>Universidad de Panam\u00e1<\/li><\/ul>\t\t\t\t\t\t\t\t<\/div>\n\t\t\t\t<\/div>\n\t\t\t\t\t<\/div>\n\t\t<\/div>\n\t\t\t\t<div class=\"elementor-column elementor-col-50 elementor-top-column elementor-element elementor-element-22ec2de elementor-invisible\" data-id=\"22ec2de\" data-element_type=\"column\" data-settings=\"{&quot;animation&quot;:&quot;fadeInLeft&quot;}\">\n\t\t\t<div class=\"elementor-widget-wrap elementor-element-populated\">\n\t\t\t\t\t\t<div class=\"elementor-element elementor-element-2e6ee88 envato-kit-93-drop-cap elementor-widget__width-initial elementor-invisible elementor-widget elementor-widget-text-editor\" data-id=\"2e6ee88\" data-element_type=\"widget\" data-settings=\"{&quot;_animation&quot;:&quot;fadeInUp&quot;}\" data-widget_type=\"text-editor.default\">\n\t\t\t\t<div class=\"elementor-widget-container\">\n\t\t\t\t\t\t\t\t\t<ul><li><strong>Diplomado en Registro de Marcas, Patentes y Signos Distintivos<\/strong><br \/>Centro de Excelencia Educativa de Panam\u00e1<\/li><li><strong>Diplomado en Reclutamiento y Selecci\u00f3n de Personal<\/strong><br \/>Centro de Excelencia Educativa de Panam\u00e1<\/li><li><strong>Diplomado Direcci\u00f3n y Gesti\u00f3n de Proyectos con Metodolog\u00edas Agiles<\/strong> <br \/>Centro de Excelencia Educativa de Panam\u00e1<\/li><\/ul>\t\t\t\t\t\t\t\t<\/div>\n\t\t\t\t<\/div>\n\t\t\t\t\t<\/div>\n\t\t<\/div>\n\t\t\t\t\t<\/div>\n\t\t<\/section>\n\t\t\t\t<\/div>\n\t\t","protected":false},"excerpt":{"rendered":"<p>Mgter. ALMA ALONSO ESCALA Abogada &#8211; Founder En BC Legal, nuestra fortaleza radica en el liderazgo y experiencia de nuestra fundadora, Alma Alonso Escala, una abogada con 20 a\u00f1os de trayectoria profesional en el \u00e1mbito legal. Su especializaci\u00f3n en comercio y negocios, combinada con un enfoque estrat\u00e9gico en litigios y negociaciones, ha permitido a nuestra [&hellip;]<\/p>\n","protected":false},"author":2,"featured_media":0,"parent":0,"menu_order":0,"comment_status":"closed","ping_status":"closed","template":"","meta":{"footnotes":""},"class_list":["post-942","page","type-page","status-publish","hentry"],"yoast_head":"<!-- This site is optimized with the Yoast SEO plugin v26.1.1 - https:\/\/yoast.com\/wordpress\/plugins\/seo\/ -->\n<title>Abogada en Panam\u00e1: Alma Alonso Escala - Derecho corporativo<\/title>\n<meta name=\"description\" content=\"Mgter. Alma Alonso Escala - Abogada especialista en derecho corporativo en Panam\u00e1. Asesor\u00eda legal experta para empresas: cumplimiento normativo, contratos, fusiones y gobierno corporativo. Soluciones estrat\u00e9gicas para su negocio.\" \/>\n<meta name=\"robots\" content=\"index, follow, max-snippet:-1, max-image-preview:large, max-video-preview:-1\" \/>\n<link rel=\"canonical\" href=\"https:\/\/bclegalpanama.com\/abogados\/mgter-alma-alonso-escala\/\" \/>\n<meta property=\"og:locale\" content=\"es_ES\" \/>\n<meta property=\"og:type\" content=\"article\" \/>\n<meta property=\"og:title\" content=\"Abogada en Panam\u00e1: Alma Alonso Escala - Derecho corporativo\" \/>\n<meta property=\"og:description\" content=\"Mgter. Alma Alonso Escala - Abogada especialista en derecho corporativo en Panam\u00e1. Asesor\u00eda legal experta para empresas: cumplimiento normativo, contratos, fusiones y gobierno corporativo. Soluciones estrat\u00e9gicas para su negocio.\" \/>\n<meta property=\"og:url\" content=\"https:\/\/bclegalpanama.com\/abogados\/mgter-alma-alonso-escala\/\" \/>\n<meta property=\"og:site_name\" content=\"BC Legal Panam\u00e1: Derecho Corporativo, Derecho Inmobiliario, Derecho Penal en Panam\u00e1\" \/>\n<meta property=\"article:modified_time\" content=\"2026-01-14T20:12:30+00:00\" \/>\n<meta name=\"twitter:card\" content=\"summary_large_image\" \/>\n<meta name=\"twitter:label1\" content=\"Tiempo de lectura\" \/>\n\t<meta name=\"twitter:data1\" content=\"2 minutos\" \/>\n<script type=\"application\/ld+json\" class=\"yoast-schema-graph\">{\"@context\":\"https:\/\/schema.org\",\"@graph\":[{\"@type\":\"WebPage\",\"@id\":\"https:\/\/bclegalpanama.com\/abogados\/mgter-alma-alonso-escala\/\",\"url\":\"https:\/\/bclegalpanama.com\/abogados\/mgter-alma-alonso-escala\/\",\"name\":\"Abogada en Panam\u00e1: Alma Alonso Escala - Derecho corporativo\",\"isPartOf\":{\"@id\":\"https:\/\/bclegalpanama.com\/abogados\/#website\"},\"datePublished\":\"2025-02-09T19:59:53+00:00\",\"dateModified\":\"2026-01-14T20:12:30+00:00\",\"description\":\"Mgter. Alma Alonso Escala - Abogada especialista en derecho corporativo en Panam\u00e1. Asesor\u00eda legal experta para empresas: cumplimiento normativo, contratos, fusiones y gobierno corporativo. Soluciones estrat\u00e9gicas para su negocio.\",\"breadcrumb\":{\"@id\":\"https:\/\/bclegalpanama.com\/abogados\/mgter-alma-alonso-escala\/#breadcrumb\"},\"inLanguage\":\"es\",\"potentialAction\":[{\"@type\":\"ReadAction\",\"target\":[\"https:\/\/bclegalpanama.com\/abogados\/mgter-alma-alonso-escala\/\"]}]},{\"@type\":\"BreadcrumbList\",\"@id\":\"https:\/\/bclegalpanama.com\/abogados\/mgter-alma-alonso-escala\/#breadcrumb\",\"itemListElement\":[{\"@type\":\"ListItem\",\"position\":1,\"name\":\"Portada\",\"item\":\"https:\/\/bclegalpanama.com\/abogados\/\"},{\"@type\":\"ListItem\",\"position\":2,\"name\":\"Mgter. ALMA ALONSO ESCALA\"}]},{\"@type\":\"WebSite\",\"@id\":\"https:\/\/bclegalpanama.com\/abogados\/#website\",\"url\":\"https:\/\/bclegalpanama.com\/abogados\/\",\"name\":\"BC Legal Panam\u00e1: Derecho Corporativo, Derecho Inmobiliario, Derecho Penal en Panam\u00e1\",\"description\":\"Firma de abogados en Panam\u00e1: Brindamos asesor\u00eda y representaci\u00f3n en diversas \u00e1reas del derecho, adapt\u00e1ndonos a las necesidades de cada cliente.\",\"publisher\":{\"@id\":\"https:\/\/bclegalpanama.com\/abogados\/#organization\"},\"potentialAction\":[{\"@type\":\"SearchAction\",\"target\":{\"@type\":\"EntryPoint\",\"urlTemplate\":\"https:\/\/bclegalpanama.com\/abogados\/?s={search_term_string}\"},\"query-input\":{\"@type\":\"PropertyValueSpecification\",\"valueRequired\":true,\"valueName\":\"search_term_string\"}}],\"inLanguage\":\"es\"},{\"@type\":\"Organization\",\"@id\":\"https:\/\/bclegalpanama.com\/abogados\/#organization\",\"name\":\"BC Legal Panam\u00e1: Derecho Corporativo, Derecho Inmobiliario, Derecho Penal en Panam\u00e1\",\"url\":\"https:\/\/bclegalpanama.com\/abogados\/\",\"logo\":{\"@type\":\"ImageObject\",\"inLanguage\":\"es\",\"@id\":\"https:\/\/bclegalpanama.com\/abogados\/#\/schema\/logo\/image\/\",\"url\":\"https:\/\/bclegalpanama.com\/abogados\/wp-content\/uploads\/2025\/01\/cropped-logo-bc-legal-panama-1.jpg\",\"contentUrl\":\"https:\/\/bclegalpanama.com\/abogados\/wp-content\/uploads\/2025\/01\/cropped-logo-bc-legal-panama-1.jpg\",\"width\":209,\"height\":106,\"caption\":\"BC Legal Panam\u00e1: Derecho Corporativo, Derecho Inmobiliario, Derecho Penal en Panam\u00e1\"},\"image\":{\"@id\":\"https:\/\/bclegalpanama.com\/abogados\/#\/schema\/logo\/image\/\"}}]}<\/script>\n<!-- \/ Yoast SEO plugin. -->","yoast_head_json":{"title":"Abogada en Panam\u00e1: Alma Alonso Escala - Derecho corporativo","description":"Mgter. Alma Alonso Escala - Abogada especialista en derecho corporativo en Panam\u00e1. Asesor\u00eda legal experta para empresas: cumplimiento normativo, contratos, fusiones y gobierno corporativo. Soluciones estrat\u00e9gicas para su negocio.","robots":{"index":"index","follow":"follow","max-snippet":"max-snippet:-1","max-image-preview":"max-image-preview:large","max-video-preview":"max-video-preview:-1"},"canonical":"https:\/\/bclegalpanama.com\/abogados\/mgter-alma-alonso-escala\/","og_locale":"es_ES","og_type":"article","og_title":"Abogada en Panam\u00e1: Alma Alonso Escala - Derecho corporativo","og_description":"Mgter. Alma Alonso Escala - Abogada especialista en derecho corporativo en Panam\u00e1. Asesor\u00eda legal experta para empresas: cumplimiento normativo, contratos, fusiones y gobierno corporativo. Soluciones estrat\u00e9gicas para su negocio.","og_url":"https:\/\/bclegalpanama.com\/abogados\/mgter-alma-alonso-escala\/","og_site_name":"BC Legal Panam\u00e1: Derecho Corporativo, Derecho Inmobiliario, Derecho Penal en Panam\u00e1","article_modified_time":"2026-01-14T20:12:30+00:00","twitter_card":"summary_large_image","twitter_misc":{"Tiempo de lectura":"2 minutos"},"schema":{"@context":"https:\/\/schema.org","@graph":[{"@type":"WebPage","@id":"https:\/\/bclegalpanama.com\/abogados\/mgter-alma-alonso-escala\/","url":"https:\/\/bclegalpanama.com\/abogados\/mgter-alma-alonso-escala\/","name":"Abogada en Panam\u00e1: Alma Alonso Escala - Derecho corporativo","isPartOf":{"@id":"https:\/\/bclegalpanama.com\/abogados\/#website"},"datePublished":"2025-02-09T19:59:53+00:00","dateModified":"2026-01-14T20:12:30+00:00","description":"Mgter. Alma Alonso Escala - Abogada especialista en derecho corporativo en Panam\u00e1. Asesor\u00eda legal experta para empresas: cumplimiento normativo, contratos, fusiones y gobierno corporativo. Soluciones estrat\u00e9gicas para su negocio.","breadcrumb":{"@id":"https:\/\/bclegalpanama.com\/abogados\/mgter-alma-alonso-escala\/#breadcrumb"},"inLanguage":"es","potentialAction":[{"@type":"ReadAction","target":["https:\/\/bclegalpanama.com\/abogados\/mgter-alma-alonso-escala\/"]}]},{"@type":"BreadcrumbList","@id":"https:\/\/bclegalpanama.com\/abogados\/mgter-alma-alonso-escala\/#breadcrumb","itemListElement":[{"@type":"ListItem","position":1,"name":"Portada","item":"https:\/\/bclegalpanama.com\/abogados\/"},{"@type":"ListItem","position":2,"name":"Mgter. ALMA ALONSO ESCALA"}]},{"@type":"WebSite","@id":"https:\/\/bclegalpanama.com\/abogados\/#website","url":"https:\/\/bclegalpanama.com\/abogados\/","name":"BC Legal Panam\u00e1: Derecho Corporativo, Derecho Inmobiliario, Derecho Penal en Panam\u00e1","description":"Firma de abogados en Panam\u00e1: Brindamos asesor\u00eda y representaci\u00f3n en diversas \u00e1reas del derecho, adapt\u00e1ndonos a las necesidades de cada cliente.","publisher":{"@id":"https:\/\/bclegalpanama.com\/abogados\/#organization"},"potentialAction":[{"@type":"SearchAction","target":{"@type":"EntryPoint","urlTemplate":"https:\/\/bclegalpanama.com\/abogados\/?s={search_term_string}"},"query-input":{"@type":"PropertyValueSpecification","valueRequired":true,"valueName":"search_term_string"}}],"inLanguage":"es"},{"@type":"Organization","@id":"https:\/\/bclegalpanama.com\/abogados\/#organization","name":"BC Legal Panam\u00e1: Derecho Corporativo, Derecho Inmobiliario, Derecho Penal en Panam\u00e1","url":"https:\/\/bclegalpanama.com\/abogados\/","logo":{"@type":"ImageObject","inLanguage":"es","@id":"https:\/\/bclegalpanama.com\/abogados\/#\/schema\/logo\/image\/","url":"https:\/\/bclegalpanama.com\/abogados\/wp-content\/uploads\/2025\/01\/cropped-logo-bc-legal-panama-1.jpg","contentUrl":"https:\/\/bclegalpanama.com\/abogados\/wp-content\/uploads\/2025\/01\/cropped-logo-bc-legal-panama-1.jpg","width":209,"height":106,"caption":"BC Legal Panam\u00e1: Derecho Corporativo, Derecho Inmobiliario, Derecho Penal en Panam\u00e1"},"image":{"@id":"https:\/\/bclegalpanama.com\/abogados\/#\/schema\/logo\/image\/"}}]}},"_links":{"self":[{"href":"https:\/\/bclegalpanama.com\/abogados\/wp-json\/wp\/v2\/pages\/942","targetHints":{"allow":["GET"]}}],"collection":[{"href":"https:\/\/bclegalpanama.com\/abogados\/wp-json\/wp\/v2\/pages"}],"about":[{"href":"https:\/\/bclegalpanama.com\/abogados\/wp-json\/wp\/v2\/types\/page"}],"author":[{"embeddable":true,"href":"https:\/\/bclegalpanama.com\/abogados\/wp-json\/wp\/v2\/users\/2"}],"replies":[{"embeddable":true,"href":"https:\/\/bclegalpanama.com\/abogados\/wp-json\/wp\/v2\/comments?post=942"}],"version-history":[{"count":82,"href":"https:\/\/bclegalpanama.com\/abogados\/wp-json\/wp\/v2\/pages\/942\/revisions"}],"predecessor-version":[{"id":1049,"href":"https:\/\/bclegalpanama.com\/abogados\/wp-json\/wp\/v2\/pages\/942\/revisions\/1049"}],"wp:attachment":[{"href":"https:\/\/bclegalpanama.com\/abogados\/wp-json\/wp\/v2\/media?parent=942"}],"curies":[{"name":"wp","href":"https:\/\/api.w.org\/{rel}","templated":true}]}}